{"id":18266,"date":"2022-09-22T13:21:00","date_gmt":"2022-09-22T13:21:00","guid":{"rendered":"https:\/\/macrodynepress.com\/macrodyne-a-euroblech-2022\/"},"modified":"2025-01-17T10:50:32","modified_gmt":"2025-01-17T10:50:32","slug":"macrodyne-a-euroblech-2022","status":"publish","type":"page","link":"https:\/\/macrodynepress.com\/fr\/macrodyne-a-euroblech-2022\/","title":{"rendered":"Macrodyne \u00e0 EuroBLECH 2022"},"content":{"rendered":"\t\t<div data-elementor-type=\"wp-page\" data-elementor-id=\"18266\" class=\"elementor elementor-18266 elementor-18205\" data-elementor-post-type=\"page\">\n\t\t\t\t\t\t<section class=\"elementor-section elementor-top-section elementor-element elementor-element-207a1f9 elementor-section-full_width elementor-section-height-min-height elementor-section-height-default elementor-section-items-middle\" data-id=\"207a1f9\" data-element_type=\"section\" data-e-type=\"section\" data-settings=\"{&quot;background_background&quot;:&quot;classic&quot;}\">\n\t\t\t\t\t\t<div class=\"elementor-container elementor-column-gap-no\">\n\t\t\t\t\t<div class=\"elementor-column elementor-col-100 elementor-top-column elementor-element elementor-element-d91ef3b\" data-id=\"d91ef3b\" data-element_type=\"column\" data-e-type=\"column\">\n\t\t\t<div class=\"elementor-widget-wrap elementor-element-populated\">\n\t\t\t\t\t\t<section class=\"elementor-section elementor-inner-section elementor-element elementor-element-803c82f elementor-section-boxed elementor-section-height-default elementor-section-height-default\" data-id=\"803c82f\" data-element_type=\"section\" data-e-type=\"section\">\n\t\t\t\t\t\t<div class=\"elementor-container elementor-column-gap-default\">\n\t\t\t\t\t<div class=\"elementor-column elementor-col-100 elementor-inner-column elementor-element elementor-element-fc30f54\" data-id=\"fc30f54\" data-element_type=\"column\" data-e-type=\"column\">\n\t\t\t<div class=\"elementor-widget-wrap elementor-element-populated\">\n\t\t\t\t\t\t<div class=\"elementor-element elementor-element-aa9c8da elementor-widget elementor-widget-heading\" data-id=\"aa9c8da\" data-element_type=\"widget\" data-e-type=\"widget\" data-widget_type=\"heading.default\">\n\t\t\t\t<div class=\"elementor-widget-container\">\n\t\t\t\t\t<h1 class=\"elementor-heading-title elementor-size-default\">Macrodyne \u00e0 EuroBLECH 2022  \n<\/h1>\t\t\t\t<\/div>\n\t\t\t\t<\/div>\n\t\t\t\t\t<\/div>\n\t\t<\/div>\n\t\t\t\t\t<\/div>\n\t\t<\/section>\n\t\t\t\t\t<\/div>\n\t\t<\/div>\n\t\t\t\t\t<\/div>\n\t\t<\/section>\n\t\t\t\t<section class=\"elementor-section elementor-top-section elementor-element elementor-element-cc4262f elementor-section-stretched elementor-section-boxed elementor-section-height-default elementor-section-height-default\" data-id=\"cc4262f\" data-element_type=\"section\" data-e-type=\"section\" data-settings=\"{&quot;stretch_section&quot;:&quot;section-stretched&quot;}\">\n\t\t\t\t\t\t<div class=\"elementor-container elementor-column-gap-default\">\n\t\t\t\t\t<div class=\"elementor-column elementor-col-50 elementor-top-column elementor-element elementor-element-321aeb5\" data-id=\"321aeb5\" data-element_type=\"column\" data-e-type=\"column\">\n\t\t\t<div class=\"elementor-widget-wrap elementor-element-populated\">\n\t\t\t\t\t\t<div class=\"elementor-element elementor-element-369804f elementor-widget elementor-widget-image\" data-id=\"369804f\" data-element_type=\"widget\" data-e-type=\"widget\" data-widget_type=\"image.default\">\n\t\t\t\t<div class=\"elementor-widget-container\">\n\t\t\t\t\t\t\t\t\t\t\t\t\t\t\t<img decoding=\"async\" src=\"https:\/\/macrodynepress.com\/wp-content\/uploads\/elementor\/thumbs\/Event-1600-\u00d7-1600-px-1-pv51b6om0wy59rtkm2p9w8iymggtpp3nze589dhsvk.png\" title=\"Event (1600 \u00d7 1600 px)\" alt=\"Event (1600 \u00d7 1600 px)\" loading=\"lazy\" \/>\t\t\t\t\t\t\t\t\t\t\t\t\t\t\t<\/div>\n\t\t\t\t<\/div>\n\t\t\t\t\t<\/div>\n\t\t<\/div>\n\t\t\t\t<div class=\"elementor-column elementor-col-50 elementor-top-column elementor-element elementor-element-2c060fa\" data-id=\"2c060fa\" data-element_type=\"column\" data-e-type=\"column\">\n\t\t\t<div class=\"elementor-widget-wrap elementor-element-populated\">\n\t\t\t\t\t\t<section class=\"elementor-section elementor-inner-section elementor-element elementor-element-90f2a3f elementor-section-boxed elementor-section-height-default elementor-section-height-default\" data-id=\"90f2a3f\" data-element_type=\"section\" data-e-type=\"section\">\n\t\t\t\t\t\t<div class=\"elementor-container elementor-column-gap-default\">\n\t\t\t\t\t<div class=\"elementor-column elementor-col-100 elementor-inner-column elementor-element elementor-element-3cbe13f\" data-id=\"3cbe13f\" data-element_type=\"column\" data-e-type=\"column\">\n\t\t\t<div class=\"elementor-widget-wrap elementor-element-populated\">\n\t\t\t\t\t\t<div class=\"elementor-element elementor-element-6560fd5 elementor-widget elementor-widget-text-editor\" data-id=\"6560fd5\" data-element_type=\"widget\" data-e-type=\"widget\" data-widget_type=\"text-editor.default\">\n\t\t\t\t<div class=\"elementor-widget-container\">\n\t\t\t\t\t\t\t\t\t<p>Macrodyne exposera \u00e0 EuroBLECH 2022, la<sup>26e<\/sup> \u00e9dition du plus grand salon international des technologies de travail de la t\u00f4le, \u00e0 Hanovre, en Allemagne. Le portefeuille de produits de Macrodyne sera pr\u00e9sent\u00e9 avec Dunkes, une soci\u00e9t\u00e9 de Macrodyne, au Hall 27 &#8211; Stand E66.<\/p>\t\t\t\t\t\t\t\t<\/div>\n\t\t\t\t<\/div>\n\t\t\t\t<div class=\"elementor-element elementor-element-a002408 elementor-widget elementor-widget-text-editor\" data-id=\"a002408\" data-element_type=\"widget\" data-e-type=\"widget\" data-widget_type=\"text-editor.default\">\n\t\t\t\t<div class=\"elementor-widget-container\">\n\t\t\t\t\t\t\t\t\t<p>Ils pr\u00e9senteront des solutions innovantes de presses hydrauliques pour le redressement, l&rsquo;assemblage et le formage, ainsi que le formage superplastique am\u00e9lior\u00e9 par oscillation gazeuse &#8211; la technologie r\u00e9volutionnaire de Macrodyne pour le formage superplastique, l&rsquo;hydroformage, l&#8217;emboutissage profond, le formage \u00e0 froid, le plateau chauff\u00e9, l&rsquo;estampage \u00e0 chaud, le rep\u00e9rage et l&rsquo;essai de matrices, et le formage g\u00e9n\u00e9ral des m\u00e9taux.<\/p>\t\t\t\t\t\t\t\t<\/div>\n\t\t\t\t<\/div>\n\t\t\t\t<div class=\"elementor-element elementor-element-15e8cdc elementor-widget elementor-widget-text-editor\" data-id=\"15e8cdc\" data-element_type=\"widget\" data-e-type=\"widget\" data-widget_type=\"text-editor.default\">\n\t\t\t\t<div class=\"elementor-widget-container\">\n\t\t\t\t\t\t\t\t\t<p>Rencontrez les experts de Macrodyne et de Dunkes pour discuter de la solution adapt\u00e9e \u00e0 vos besoins en mati\u00e8re de presse !<\/p>\t\t\t\t\t\t\t\t<\/div>\n\t\t\t\t<\/div>\n\t\t\t\t<div class=\"elementor-element elementor-element-20ebdfa elementor-widget elementor-widget-heading\" data-id=\"20ebdfa\" data-element_type=\"widget\" data-e-type=\"widget\" data-widget_type=\"heading.default\">\n\t\t\t\t<div class=\"elementor-widget-container\">\n\t\t\t\t\t<p class=\"elementor-heading-title elementor-size-default\"><b>EUROBLECH 20222<\/b><br>\nDu 25 au 28 octobre 2022<br>\nHannover, Allemagne<br>\nHall 27 - Stand E66\n<\/p>\t\t\t\t<\/div>\n\t\t\t\t<\/div>\n\t\t\t\t\t<\/div>\n\t\t<\/div>\n\t\t\t\t\t<\/div>\n\t\t<\/section>\n\t\t\t\t\t<\/div>\n\t\t<\/div>\n\t\t\t\t\t<\/div>\n\t\t<\/section>\n\t\t\t\t<section class=\"elementor-section elementor-top-section elementor-element elementor-element-e123a69 elementor-section-boxed elementor-section-height-default elementor-section-height-default\" data-id=\"e123a69\" data-element_type=\"section\" data-e-type=\"section\" data-settings=\"{&quot;background_background&quot;:&quot;classic&quot;}\">\n\t\t\t\t\t\t<div class=\"elementor-container elementor-column-gap-default\">\n\t\t\t\t\t<div class=\"elementor-column elementor-col-100 elementor-top-column elementor-element elementor-element-05b519d\" data-id=\"05b519d\" data-element_type=\"column\" data-e-type=\"column\">\n\t\t\t<div class=\"elementor-widget-wrap elementor-element-populated\">\n\t\t\t\t\t\t<div class=\"elementor-element elementor-element-8fdca4d elementor-widget elementor-widget-text-editor\" data-id=\"8fdca4d\" data-element_type=\"widget\" data-e-type=\"widget\" data-widget_type=\"text-editor.default\">\n\t\t\t\t<div class=\"elementor-widget-container\">\n\t\t\t\t\t\t\t\t\t<p>Pour plus d&rsquo;informations sur EuroBLECH 2022, <a href=\"https:\/\/www.euroblech.com\/en-gb\/exhibitor-details.org-0b01b8b8-8948-499d-982f-8828887d556c.html#\/\">cliquez ici.<\/a><\/p><p> <\/p><p> <\/p><p>Vous ne participez pas \u00e0 EuroBLECH 2022 ? <a href=\"https:\/\/macrodynepress.com\/fr\/nous-contacter\/\">\n  <strong>Nous contacter<\/strong>\n<\/a> pour discuter de la solution de presse hydraulique qui vous convient.<\/p><p> <\/p><p> <\/p><p><strong>Les capacit\u00e9s de Macrodyne en Europe<\/strong><\/p><p> <\/p><p>Macrodyne est le plus grand fabricant de presses hydrauliques d&rsquo;Am\u00e9rique du Nord avec son si\u00e8ge social europ\u00e9en en Allemagne.<\/p><p> <\/p><p>En savoir plus : <a href=\"https:\/\/macrodynepress.com\/fr\/macrodyne-augmente-ses-capacites-de-fabrication-europeennes-grace-a-son-acquisition-de-dunkes\/\">\n  <em>Macrodyne augmente ses capacit\u00e9s de production en Europe gr\u00e2ce \u00e0 l&rsquo;acquisition de Dunkes<\/em>\n<\/a><\/p><p> <\/p><p>Venez nous rendre visite au Hall 27 &#8211; Stand E66pour d\u00e9couvrir comment Macrodyne &#8211; Dunkes est une option europ\u00e9enne solide pour vous !<\/p>\t\t\t\t\t\t\t\t<\/div>\n\t\t\t\t<\/div>\n\t\t\t\t<div class=\"elementor-element elementor-element-db6d8ea elementor-widget elementor-widget-spacer\" data-id=\"db6d8ea\" data-element_type=\"widget\" data-e-type=\"widget\" data-widget_type=\"spacer.default\">\n\t\t\t\t<div class=\"elementor-widget-container\">\n\t\t\t\t\t\t\t<div class=\"elementor-spacer\">\n\t\t\t<div class=\"elementor-spacer-inner\"><\/div>\n\t\t<\/div>\n\t\t\t\t\t\t<\/div>\n\t\t\t\t<\/div>\n\t\t\t\t\t<\/div>\n\t\t<\/div>\n\t\t\t\t\t<\/div>\n\t\t<\/section>\n\t\t\t\t<section class=\"elementor-section elementor-top-section elementor-element elementor-element-0bb62ce elementor-section-boxed elementor-section-height-default elementor-section-height-default\" data-id=\"0bb62ce\" data-element_type=\"section\" data-e-type=\"section\" data-settings=\"{&quot;background_background&quot;:&quot;classic&quot;}\">\n\t\t\t\t\t\t<div class=\"elementor-container elementor-column-gap-default\">\n\t\t\t\t\t<div class=\"elementor-column elementor-col-100 elementor-top-column elementor-element elementor-element-2476394\" data-id=\"2476394\" data-element_type=\"column\" data-e-type=\"column\">\n\t\t\t<div class=\"elementor-widget-wrap elementor-element-populated\">\n\t\t\t\t\t\t<section class=\"elementor-section elementor-inner-section elementor-element elementor-element-dec0c7e elementor-section-boxed elementor-section-height-default elementor-section-height-default\" data-id=\"dec0c7e\" data-element_type=\"section\" data-e-type=\"section\">\n\t\t\t\t\t\t<div class=\"elementor-container elementor-column-gap-default\">\n\t\t\t\t\t<div class=\"elementor-column elementor-col-100 elementor-inner-column elementor-element elementor-element-e7e3963\" data-id=\"e7e3963\" data-element_type=\"column\" data-e-type=\"column\">\n\t\t\t<div class=\"elementor-widget-wrap elementor-element-populated\">\n\t\t\t\t\t\t<div class=\"elementor-element elementor-element-d4ee33d elementor-widget elementor-widget-heading\" data-id=\"d4ee33d\" data-element_type=\"widget\" data-e-type=\"widget\" data-widget_type=\"heading.default\">\n\t\t\t\t<div class=\"elementor-widget-container\">\n\t\t\t\t\t<h2 class=\"elementor-heading-title elementor-size-default\">Macrodyne signe un accord de licence avec AEM pour commercialiser la technologie de formage par oscillation gazeuse pour le formage par soufflage superplastique des composants a\u00e9rospatiaux.<\/h2>\t\t\t\t<\/div>\n\t\t\t\t<\/div>\n\t\t\t\t<div class=\"elementor-element elementor-element-d1f005c elementor-widget elementor-widget-heading\" data-id=\"d1f005c\" data-element_type=\"widget\" data-e-type=\"widget\" data-widget_type=\"heading.default\">\n\t\t\t\t<div class=\"elementor-widget-container\">\n\t\t\t\t\t<p class=\"elementor-heading-title elementor-size-default\">Une technologie r\u00e9volutionnaire et perturbatrice pour le secteur a\u00e9rospatial mondial, car il s'agit de la premi\u00e8re v\u00e9ritable avanc\u00e9e dans le processus de formage par soufflage de superplastiques depuis des d\u00e9cennies :<\/p>\t\t\t\t<\/div>\n\t\t\t\t<\/div>\n\t\t\t\t\t<\/div>\n\t\t<\/div>\n\t\t\t\t\t<\/div>\n\t\t<\/section>\n\t\t\t\t<section class=\"elementor-section elementor-inner-section elementor-element elementor-element-a29752e elementor-section-boxed elementor-section-height-default elementor-section-height-default\" data-id=\"a29752e\" data-element_type=\"section\" data-e-type=\"section\">\n\t\t\t\t\t\t<div class=\"elementor-container elementor-column-gap-default\">\n\t\t\t\t\t<div class=\"elementor-column elementor-col-100 elementor-inner-column elementor-element elementor-element-bba3ee5\" data-id=\"bba3ee5\" data-element_type=\"column\" data-e-type=\"column\">\n\t\t\t<div class=\"elementor-widget-wrap elementor-element-populated\">\n\t\t\t\t\t\t<div class=\"elementor-element elementor-element-ba31749 elementor-widget elementor-widget-text-editor\" data-id=\"ba31749\" data-element_type=\"widget\" data-e-type=\"widget\" data-widget_type=\"text-editor.default\">\n\t\t\t\t<div class=\"elementor-widget-container\">\n\t\t\t\t\t\t\t\t\t<p><a class=\"hannover\" href=\"https:\/\/macrodynepress.com\/macrodyne-signs-a-license-agreement-with-aem-to-commercialize-gas-oscillation-forming-technology-for-superplastic-blow-forming-of-aerospace-components\/\">Lire le communiqu\u00e9 de presse<\/a><\/p>\t\t\t\t\t\t\t\t<\/div>\n\t\t\t\t<\/div>\n\t\t\t\t\t<\/div>\n\t\t<\/div>\n\t\t\t\t\t<\/div>\n\t\t<\/section>\n\t\t\t\t\t<\/div>\n\t\t<\/div>\n\t\t\t\t\t<\/div>\n\t\t<\/section>\n\t\t\t\t<\/div>\n\t\t","protected":false},"excerpt":{"rendered":"<p>Macrodyne \u00e0 EuroBLECH 2022 Macrodyne exposera \u00e0 EuroBLECH 2022, la26e \u00e9dition du plus grand salon international des technologies de travail de la t\u00f4le, \u00e0 Hanovre, en Allemagne. Le portefeuille de produits de Macrodyne sera pr\u00e9sent\u00e9 avec Dunkes, une soci\u00e9t\u00e9 de Macrodyne, au Hall 27 &#8211; Stand E66. Ils pr\u00e9senteront des solutions innovantes de presses hydrauliques [&hellip;]<\/p>\n","protected":false},"author":2,"featured_media":18211,"parent":0,"menu_order":2,"comment_status":"closed","ping_status":"closed","template":"","meta":{"_acf_changed":false,"content-type":"","footnotes":"","_links_to":"","_links_to_target":""},"class_list":["post-18266","page","type-page","status-publish","has-post-thumbnail","hentry"],"acf":[],"yoast_head":"<!-- This site is optimized with the Yoast SEO plugin v27.5 - https:\/\/yoast.com\/product\/yoast-seo-wordpress\/ -->\n<title>de Macrodyne \u00e0 EuroBLECH 2022 | nom du Macrodyne Technologies<\/title>\n<meta name=\"description\" content=\"Nous allons exposer \u00e0 Hannover Messe 2022, la plus grande exposition annuelle au monde sur la fabrication de pointe et l&#039;innovation technologique industrielle.\" \/>\n<meta name=\"robots\" content=\"index, follow, max-snippet:-1, max-image-preview:large, max-video-preview:-1\" \/>\n<link rel=\"canonical\" href=\"https:\/\/macrodynepress.com\/fr\/macrodyne-a-euroblech-2022\/\" \/>\n<meta property=\"og:locale\" content=\"fr_FR\" \/>\n<meta property=\"og:type\" content=\"article\" \/>\n<meta property=\"og:title\" content=\"de Macrodyne \u00e0 EuroBLECH 2022 | nom du Macrodyne Technologies\" \/>\n<meta property=\"og:description\" content=\"Nous allons exposer \u00e0 Hannover Messe 2022, la plus grande exposition annuelle au monde sur la fabrication de pointe et l&#039;innovation technologique industrielle.\" \/>\n<meta property=\"og:url\" content=\"https:\/\/macrodynepress.com\/fr\/macrodyne-a-euroblech-2022\/\" \/>\n<meta property=\"og:site_name\" content=\"Macrodyne\" \/>\n<meta property=\"article:publisher\" content=\"https:\/\/www.facebook.com\/macrodynetech\/\" \/>\n<meta property=\"article:modified_time\" content=\"2025-01-17T10:50:32+00:00\" \/>\n<meta property=\"og:image\" content=\"https:\/\/macrodynepress.com\/wp-content\/uploads\/2022\/09\/Event-1600-\u00d7-1600-px-1.png\" \/>\n\t<meta property=\"og:image:width\" content=\"1600\" \/>\n\t<meta property=\"og:image:height\" content=\"1600\" \/>\n\t<meta property=\"og:image:type\" content=\"image\/png\" \/>\n<meta name=\"twitter:card\" content=\"summary_large_image\" \/>\n<meta name=\"twitter:site\" content=\"@MacrodyneTech\" \/>\n<script type=\"application\/ld+json\" class=\"yoast-schema-graph\">{\"@context\":\"https:\\\/\\\/schema.org\",\"@graph\":[{\"@type\":\"WebPage\",\"@id\":\"https:\\\/\\\/macrodynepress.com\\\/fr\\\/macrodyne-a-euroblech-2022\\\/\",\"url\":\"https:\\\/\\\/macrodynepress.com\\\/fr\\\/macrodyne-a-euroblech-2022\\\/\",\"name\":\"de Macrodyne \u00e0 EuroBLECH 2022 | nom du Macrodyne Technologies\",\"isPartOf\":{\"@id\":\"https:\\\/\\\/macrodynepress.com\\\/fr\\\/#website\"},\"primaryImageOfPage\":{\"@id\":\"https:\\\/\\\/macrodynepress.com\\\/fr\\\/macrodyne-a-euroblech-2022\\\/#primaryimage\"},\"image\":{\"@id\":\"https:\\\/\\\/macrodynepress.com\\\/fr\\\/macrodyne-a-euroblech-2022\\\/#primaryimage\"},\"thumbnailUrl\":\"https:\\\/\\\/macrodynepress.com\\\/wp-content\\\/uploads\\\/2022\\\/09\\\/Event-1600-\u00d7-1600-px-1.png\",\"datePublished\":\"2022-09-22T13:21:00+00:00\",\"dateModified\":\"2025-01-17T10:50:32+00:00\",\"description\":\"Nous allons exposer \u00e0 Hannover Messe 2022, la plus grande exposition annuelle au monde sur la fabrication de pointe et l'innovation technologique industrielle.\",\"breadcrumb\":{\"@id\":\"https:\\\/\\\/macrodynepress.com\\\/fr\\\/macrodyne-a-euroblech-2022\\\/#breadcrumb\"},\"inLanguage\":\"fr-FR\",\"potentialAction\":[{\"@type\":\"ReadAction\",\"target\":[\"https:\\\/\\\/macrodynepress.com\\\/fr\\\/macrodyne-a-euroblech-2022\\\/\"]}]},{\"@type\":\"ImageObject\",\"inLanguage\":\"fr-FR\",\"@id\":\"https:\\\/\\\/macrodynepress.com\\\/fr\\\/macrodyne-a-euroblech-2022\\\/#primaryimage\",\"url\":\"https:\\\/\\\/macrodynepress.com\\\/wp-content\\\/uploads\\\/2022\\\/09\\\/Event-1600-\u00d7-1600-px-1.png\",\"contentUrl\":\"https:\\\/\\\/macrodynepress.com\\\/wp-content\\\/uploads\\\/2022\\\/09\\\/Event-1600-\u00d7-1600-px-1.png\",\"width\":1600,\"height\":1600},{\"@type\":\"BreadcrumbList\",\"@id\":\"https:\\\/\\\/macrodynepress.com\\\/fr\\\/macrodyne-a-euroblech-2022\\\/#breadcrumb\",\"itemListElement\":[{\"@type\":\"ListItem\",\"position\":1,\"name\":\"Accueil\",\"item\":\"https:\\\/\\\/macrodynepress.com\\\/fr\\\/\"},{\"@type\":\"ListItem\",\"position\":2,\"name\":\"Macrodyne \u00e0 EuroBLECH 2022\"}]},{\"@type\":\"WebSite\",\"@id\":\"https:\\\/\\\/macrodynepress.com\\\/fr\\\/#website\",\"url\":\"https:\\\/\\\/macrodynepress.com\\\/fr\\\/\",\"name\":\"Macrodyne\",\"description\":\"Presses hydrauliques\",\"publisher\":{\"@id\":\"https:\\\/\\\/macrodynepress.com\\\/fr\\\/#organization\"},\"alternateName\":\"Macrodyne\",\"potentialAction\":[{\"@type\":\"SearchAction\",\"target\":{\"@type\":\"EntryPoint\",\"urlTemplate\":\"https:\\\/\\\/macrodynepress.com\\\/fr\\\/?s={search_term_string}\"},\"query-input\":{\"@type\":\"PropertyValueSpecification\",\"valueRequired\":true,\"valueName\":\"search_term_string\"}}],\"inLanguage\":\"fr-FR\"},{\"@type\":\"Organization\",\"@id\":\"https:\\\/\\\/macrodynepress.com\\\/fr\\\/#organization\",\"name\":\"Macrodyne Technologies Inc.\",\"alternateName\":\"Macrodyne Technologies Inc.\",\"url\":\"https:\\\/\\\/macrodynepress.com\\\/fr\\\/\",\"logo\":{\"@type\":\"ImageObject\",\"inLanguage\":\"fr-FR\",\"@id\":\"https:\\\/\\\/macrodynepress.com\\\/fr\\\/#\\\/schema\\\/logo\\\/image\\\/\",\"url\":\"https:\\\/\\\/macrodynepress.com\\\/wp-content\\\/uploads\\\/2021\\\/02\\\/m-logo.svg\",\"contentUrl\":\"https:\\\/\\\/macrodynepress.com\\\/wp-content\\\/uploads\\\/2021\\\/02\\\/m-logo.svg\",\"width\":1,\"height\":1,\"caption\":\"Macrodyne Technologies Inc.\"},\"image\":{\"@id\":\"https:\\\/\\\/macrodynepress.com\\\/fr\\\/#\\\/schema\\\/logo\\\/image\\\/\"},\"sameAs\":[\"https:\\\/\\\/www.facebook.com\\\/macrodynetech\\\/\",\"https:\\\/\\\/x.com\\\/MacrodyneTech\",\"https:\\\/\\\/www.linkedin.com\\\/company\\\/macrodyne\\\/\",\"https:\\\/\\\/www.youtube.com\\\/channel\\\/UCcwnCNSj_MEEVNNCzopOg3g\",\"https:\\\/\\\/www.instagram.com\\\/macrodynetech\\\/\"]}]}<\/script>\n<!-- \/ Yoast SEO plugin. -->","yoast_head_json":{"title":"de Macrodyne \u00e0 EuroBLECH 2022 | nom du Macrodyne Technologies","description":"Nous allons exposer \u00e0 Hannover Messe 2022, la plus grande exposition annuelle au monde sur la fabrication de pointe et l'innovation technologique industrielle.","robots":{"index":"index","follow":"follow","max-snippet":"max-snippet:-1","max-image-preview":"max-image-preview:large","max-video-preview":"max-video-preview:-1"},"canonical":"https:\/\/macrodynepress.com\/fr\/macrodyne-a-euroblech-2022\/","og_locale":"fr_FR","og_type":"article","og_title":"de Macrodyne \u00e0 EuroBLECH 2022 | nom du Macrodyne Technologies","og_description":"Nous allons exposer \u00e0 Hannover Messe 2022, la plus grande exposition annuelle au monde sur la fabrication de pointe et l'innovation technologique industrielle.","og_url":"https:\/\/macrodynepress.com\/fr\/macrodyne-a-euroblech-2022\/","og_site_name":"Macrodyne","article_publisher":"https:\/\/www.facebook.com\/macrodynetech\/","article_modified_time":"2025-01-17T10:50:32+00:00","og_image":[{"width":1600,"height":1600,"url":"https:\/\/macrodynepress.com\/wp-content\/uploads\/2022\/09\/Event-1600-\u00d7-1600-px-1.png","type":"image\/png"}],"twitter_card":"summary_large_image","twitter_site":"@MacrodyneTech","schema":{"@context":"https:\/\/schema.org","@graph":[{"@type":"WebPage","@id":"https:\/\/macrodynepress.com\/fr\/macrodyne-a-euroblech-2022\/","url":"https:\/\/macrodynepress.com\/fr\/macrodyne-a-euroblech-2022\/","name":"de Macrodyne \u00e0 EuroBLECH 2022 | nom du Macrodyne Technologies","isPartOf":{"@id":"https:\/\/macrodynepress.com\/fr\/#website"},"primaryImageOfPage":{"@id":"https:\/\/macrodynepress.com\/fr\/macrodyne-a-euroblech-2022\/#primaryimage"},"image":{"@id":"https:\/\/macrodynepress.com\/fr\/macrodyne-a-euroblech-2022\/#primaryimage"},"thumbnailUrl":"https:\/\/macrodynepress.com\/wp-content\/uploads\/2022\/09\/Event-1600-\u00d7-1600-px-1.png","datePublished":"2022-09-22T13:21:00+00:00","dateModified":"2025-01-17T10:50:32+00:00","description":"Nous allons exposer \u00e0 Hannover Messe 2022, la plus grande exposition annuelle au monde sur la fabrication de pointe et l'innovation technologique industrielle.","breadcrumb":{"@id":"https:\/\/macrodynepress.com\/fr\/macrodyne-a-euroblech-2022\/#breadcrumb"},"inLanguage":"fr-FR","potentialAction":[{"@type":"ReadAction","target":["https:\/\/macrodynepress.com\/fr\/macrodyne-a-euroblech-2022\/"]}]},{"@type":"ImageObject","inLanguage":"fr-FR","@id":"https:\/\/macrodynepress.com\/fr\/macrodyne-a-euroblech-2022\/#primaryimage","url":"https:\/\/macrodynepress.com\/wp-content\/uploads\/2022\/09\/Event-1600-\u00d7-1600-px-1.png","contentUrl":"https:\/\/macrodynepress.com\/wp-content\/uploads\/2022\/09\/Event-1600-\u00d7-1600-px-1.png","width":1600,"height":1600},{"@type":"BreadcrumbList","@id":"https:\/\/macrodynepress.com\/fr\/macrodyne-a-euroblech-2022\/#breadcrumb","itemListElement":[{"@type":"ListItem","position":1,"name":"Accueil","item":"https:\/\/macrodynepress.com\/fr\/"},{"@type":"ListItem","position":2,"name":"Macrodyne \u00e0 EuroBLECH 2022"}]},{"@type":"WebSite","@id":"https:\/\/macrodynepress.com\/fr\/#website","url":"https:\/\/macrodynepress.com\/fr\/","name":"Macrodyne","description":"Presses hydrauliques","publisher":{"@id":"https:\/\/macrodynepress.com\/fr\/#organization"},"alternateName":"Macrodyne","potentialAction":[{"@type":"SearchAction","target":{"@type":"EntryPoint","urlTemplate":"https:\/\/macrodynepress.com\/fr\/?s={search_term_string}"},"query-input":{"@type":"PropertyValueSpecification","valueRequired":true,"valueName":"search_term_string"}}],"inLanguage":"fr-FR"},{"@type":"Organization","@id":"https:\/\/macrodynepress.com\/fr\/#organization","name":"Macrodyne Technologies Inc.","alternateName":"Macrodyne Technologies Inc.","url":"https:\/\/macrodynepress.com\/fr\/","logo":{"@type":"ImageObject","inLanguage":"fr-FR","@id":"https:\/\/macrodynepress.com\/fr\/#\/schema\/logo\/image\/","url":"https:\/\/macrodynepress.com\/wp-content\/uploads\/2021\/02\/m-logo.svg","contentUrl":"https:\/\/macrodynepress.com\/wp-content\/uploads\/2021\/02\/m-logo.svg","width":1,"height":1,"caption":"Macrodyne Technologies Inc."},"image":{"@id":"https:\/\/macrodynepress.com\/fr\/#\/schema\/logo\/image\/"},"sameAs":["https:\/\/www.facebook.com\/macrodynetech\/","https:\/\/x.com\/MacrodyneTech","https:\/\/www.linkedin.com\/company\/macrodyne\/","https:\/\/www.youtube.com\/channel\/UCcwnCNSj_MEEVNNCzopOg3g","https:\/\/www.instagram.com\/macrodynetech\/"]}]}},"_links":{"self":[{"href":"https:\/\/macrodynepress.com\/fr\/wp-json\/wp\/v2\/pages\/18266","targetHints":{"allow":["GET"]}}],"collection":[{"href":"https:\/\/macrodynepress.com\/fr\/wp-json\/wp\/v2\/pages"}],"about":[{"href":"https:\/\/macrodynepress.com\/fr\/wp-json\/wp\/v2\/types\/page"}],"author":[{"embeddable":true,"href":"https:\/\/macrodynepress.com\/fr\/wp-json\/wp\/v2\/users\/2"}],"replies":[{"embeddable":true,"href":"https:\/\/macrodynepress.com\/fr\/wp-json\/wp\/v2\/comments?post=18266"}],"version-history":[{"count":1,"href":"https:\/\/macrodynepress.com\/fr\/wp-json\/wp\/v2\/pages\/18266\/revisions"}],"predecessor-version":[{"id":32553,"href":"https:\/\/macrodynepress.com\/fr\/wp-json\/wp\/v2\/pages\/18266\/revisions\/32553"}],"wp:featuredmedia":[{"embeddable":true,"href":"https:\/\/macrodynepress.com\/fr\/wp-json\/wp\/v2\/media\/18211"}],"wp:attachment":[{"href":"https:\/\/macrodynepress.com\/fr\/wp-json\/wp\/v2\/media?parent=18266"}],"curies":[{"name":"wp","href":"https:\/\/api.w.org\/{rel}","templated":true}]}}