{"id":18272,"date":"2022-09-22T13:21:00","date_gmt":"2022-09-22T13:21:00","guid":{"rendered":"https:\/\/macrodynepress.com\/macrodyne-en-la-euroblech-2022\/"},"modified":"2025-01-17T10:50:01","modified_gmt":"2025-01-17T10:50:01","slug":"macrodyne-en-la-euroblech-2022","status":"publish","type":"page","link":"https:\/\/macrodynepress.com\/es\/macrodyne-en-la-euroblech-2022\/","title":{"rendered":"Macrodyne en la EuroBLECH 2022"},"content":{"rendered":"\t\t<div data-elementor-type=\"wp-page\" data-elementor-id=\"18272\" class=\"elementor elementor-18272 elementor-18205\" data-elementor-post-type=\"page\">\n\t\t\t\t\t\t<section class=\"elementor-section elementor-top-section elementor-element elementor-element-207a1f9 elementor-section-full_width elementor-section-height-min-height elementor-section-height-default elementor-section-items-middle\" data-id=\"207a1f9\" data-element_type=\"section\" data-e-type=\"section\" data-settings=\"{&quot;background_background&quot;:&quot;classic&quot;}\">\n\t\t\t\t\t\t<div class=\"elementor-container elementor-column-gap-no\">\n\t\t\t\t\t<div class=\"elementor-column elementor-col-100 elementor-top-column elementor-element elementor-element-d91ef3b\" data-id=\"d91ef3b\" data-element_type=\"column\" data-e-type=\"column\">\n\t\t\t<div class=\"elementor-widget-wrap elementor-element-populated\">\n\t\t\t\t\t\t<section class=\"elementor-section elementor-inner-section elementor-element elementor-element-803c82f elementor-section-boxed elementor-section-height-default elementor-section-height-default\" data-id=\"803c82f\" data-element_type=\"section\" data-e-type=\"section\">\n\t\t\t\t\t\t<div class=\"elementor-container elementor-column-gap-default\">\n\t\t\t\t\t<div class=\"elementor-column elementor-col-100 elementor-inner-column elementor-element elementor-element-fc30f54\" data-id=\"fc30f54\" data-element_type=\"column\" data-e-type=\"column\">\n\t\t\t<div class=\"elementor-widget-wrap elementor-element-populated\">\n\t\t\t\t\t\t<div class=\"elementor-element elementor-element-aa9c8da elementor-widget elementor-widget-heading\" data-id=\"aa9c8da\" data-element_type=\"widget\" data-e-type=\"widget\" data-widget_type=\"heading.default\">\n\t\t\t\t<div class=\"elementor-widget-container\">\n\t\t\t\t\t<h1 class=\"elementor-heading-title elementor-size-default\">Macrodyne en la EuroBLECH 2022  \n<\/h1>\t\t\t\t<\/div>\n\t\t\t\t<\/div>\n\t\t\t\t\t<\/div>\n\t\t<\/div>\n\t\t\t\t\t<\/div>\n\t\t<\/section>\n\t\t\t\t\t<\/div>\n\t\t<\/div>\n\t\t\t\t\t<\/div>\n\t\t<\/section>\n\t\t\t\t<section class=\"elementor-section elementor-top-section elementor-element elementor-element-cc4262f elementor-section-stretched elementor-section-boxed elementor-section-height-default elementor-section-height-default\" data-id=\"cc4262f\" data-element_type=\"section\" data-e-type=\"section\" data-settings=\"{&quot;stretch_section&quot;:&quot;section-stretched&quot;}\">\n\t\t\t\t\t\t<div class=\"elementor-container elementor-column-gap-default\">\n\t\t\t\t\t<div class=\"elementor-column elementor-col-50 elementor-top-column elementor-element elementor-element-321aeb5\" data-id=\"321aeb5\" data-element_type=\"column\" data-e-type=\"column\">\n\t\t\t<div class=\"elementor-widget-wrap elementor-element-populated\">\n\t\t\t\t\t\t<div class=\"elementor-element elementor-element-369804f elementor-widget elementor-widget-image\" data-id=\"369804f\" data-element_type=\"widget\" data-e-type=\"widget\" data-widget_type=\"image.default\">\n\t\t\t\t<div class=\"elementor-widget-container\">\n\t\t\t\t\t\t\t\t\t\t\t\t\t\t\t<img decoding=\"async\" src=\"https:\/\/macrodynepress.com\/wp-content\/uploads\/elementor\/thumbs\/Event-1600-\u00d7-1600-px-1-pv51b6om0wy59rtkm2p9w8iymggtpp3nze589dhsvk.png\" title=\"Event (1600 \u00d7 1600 px)\" alt=\"Event (1600 \u00d7 1600 px)\" loading=\"lazy\" \/>\t\t\t\t\t\t\t\t\t\t\t\t\t\t\t<\/div>\n\t\t\t\t<\/div>\n\t\t\t\t\t<\/div>\n\t\t<\/div>\n\t\t\t\t<div class=\"elementor-column elementor-col-50 elementor-top-column elementor-element elementor-element-2c060fa\" data-id=\"2c060fa\" data-element_type=\"column\" data-e-type=\"column\">\n\t\t\t<div class=\"elementor-widget-wrap elementor-element-populated\">\n\t\t\t\t\t\t<section class=\"elementor-section elementor-inner-section elementor-element elementor-element-90f2a3f elementor-section-boxed elementor-section-height-default elementor-section-height-default\" data-id=\"90f2a3f\" data-element_type=\"section\" data-e-type=\"section\">\n\t\t\t\t\t\t<div class=\"elementor-container elementor-column-gap-default\">\n\t\t\t\t\t<div class=\"elementor-column elementor-col-100 elementor-inner-column elementor-element elementor-element-3cbe13f\" data-id=\"3cbe13f\" data-element_type=\"column\" data-e-type=\"column\">\n\t\t\t<div class=\"elementor-widget-wrap elementor-element-populated\">\n\t\t\t\t\t\t<div class=\"elementor-element elementor-element-6560fd5 elementor-widget elementor-widget-text-editor\" data-id=\"6560fd5\" data-element_type=\"widget\" data-e-type=\"widget\" data-widget_type=\"text-editor.default\">\n\t\t\t\t<div class=\"elementor-widget-container\">\n\t\t\t\t\t\t\t\t\t<p>Macrodyne va a exponer en EuroBLECH 2022, la<sup>26\u00aa<\/sup> edici\u00f3n de la mayor feria internacional de tecnolog\u00eda de transformaci\u00f3n de chapa met\u00e1lica, en Hannover, Alemania. La cartera de productos de Macrodyne se presentar\u00e1 con Dunkes, una empresa de Macrodyne, en el pabell\u00f3n 27 &#8211; stand E66.<\/p>\t\t\t\t\t\t\t\t<\/div>\n\t\t\t\t<\/div>\n\t\t\t\t<div class=\"elementor-element elementor-element-a002408 elementor-widget elementor-widget-text-editor\" data-id=\"a002408\" data-element_type=\"widget\" data-e-type=\"widget\" data-widget_type=\"text-editor.default\">\n\t\t\t\t<div class=\"elementor-widget-container\">\n\t\t\t\t\t\t\t\t\t<p>Expondr\u00e1n soluciones innovadoras de prensas hidr\u00e1ulicas para enderezar, unir y conformar, junto con el conformado superpl\u00e1stico mejorado por oscilaci\u00f3n de gas -la tecnolog\u00eda innovadora de Macrodyne para el conformado superpl\u00e1stico-, el hidroconformado, la embutici\u00f3n profunda, el conformado en fr\u00edo, el plato calentado, el estampado en caliente, el troquelado y la prueba, y el conformado general de metales.<\/p>\t\t\t\t\t\t\t\t<\/div>\n\t\t\t\t<\/div>\n\t\t\t\t<div class=\"elementor-element elementor-element-15e8cdc elementor-widget elementor-widget-text-editor\" data-id=\"15e8cdc\" data-element_type=\"widget\" data-e-type=\"widget\" data-widget_type=\"text-editor.default\">\n\t\t\t\t<div class=\"elementor-widget-container\">\n\t\t\t\t\t\t\t\t\t<p>Re\u00fanase con los expertos de Macrodyne y Dunkes para discutir la soluci\u00f3n adecuada para su necesidad de prensa.<\/p>\t\t\t\t\t\t\t\t<\/div>\n\t\t\t\t<\/div>\n\t\t\t\t<div class=\"elementor-element elementor-element-20ebdfa elementor-widget elementor-widget-heading\" data-id=\"20ebdfa\" data-element_type=\"widget\" data-e-type=\"widget\" data-widget_type=\"heading.default\">\n\t\t\t\t<div class=\"elementor-widget-container\">\n\t\t\t\t\t<p class=\"elementor-heading-title elementor-size-default\"><b>EUROBLECH 20222<\/b><br>\nDel 25 al 28 de octubre de 2022<br>\nHannover, Alemania<br>\nPabell\u00f3n 27 - Stand E66\n<\/p>\t\t\t\t<\/div>\n\t\t\t\t<\/div>\n\t\t\t\t\t<\/div>\n\t\t<\/div>\n\t\t\t\t\t<\/div>\n\t\t<\/section>\n\t\t\t\t\t<\/div>\n\t\t<\/div>\n\t\t\t\t\t<\/div>\n\t\t<\/section>\n\t\t\t\t<section class=\"elementor-section elementor-top-section elementor-element elementor-element-e123a69 elementor-section-boxed elementor-section-height-default elementor-section-height-default\" data-id=\"e123a69\" data-element_type=\"section\" data-e-type=\"section\" data-settings=\"{&quot;background_background&quot;:&quot;classic&quot;}\">\n\t\t\t\t\t\t<div class=\"elementor-container elementor-column-gap-default\">\n\t\t\t\t\t<div class=\"elementor-column elementor-col-100 elementor-top-column elementor-element elementor-element-05b519d\" data-id=\"05b519d\" data-element_type=\"column\" data-e-type=\"column\">\n\t\t\t<div class=\"elementor-widget-wrap elementor-element-populated\">\n\t\t\t\t\t\t<div class=\"elementor-element elementor-element-8fdca4d elementor-widget elementor-widget-text-editor\" data-id=\"8fdca4d\" data-element_type=\"widget\" data-e-type=\"widget\" data-widget_type=\"text-editor.default\">\n\t\t\t\t<div class=\"elementor-widget-container\">\n\t\t\t\t\t\t\t\t\t<p>Para m\u00e1s informaci\u00f3n sobre EuroBLECH 2022, <a href=\"https:\/\/www.euroblech.com\/en-gb\/exhibitor-details.org-0b01b8b8-8948-499d-982f-8828887d556c.html#\/\">haga clic aqu\u00ed.<\/a><\/p><p> <\/p><p> <\/p><p>\u00bfNo va a asistir a EuroBLECH 2022? <a href=\"https:\/\/macrodynepress.com\/es\/contactenos\/\">\n  <strong>Contacto con nosotros<\/strong>\n<\/a> para hablar de la soluci\u00f3n de prensa hidr\u00e1ulica adecuada para usted.<\/p><p> <\/p><p> <\/p><p><strong>Capacidades de Macrodyne en Europa<\/strong><\/p><p> <\/p><p>Macrodyne es el mayor fabricante de prensas hidr\u00e1ulicas de Am\u00e9rica del Norte con sede europea en Alemania.<\/p><p> <\/p><p>M\u00e1s informaci\u00f3n: <a href=\"https:\/\/macrodynepress.com\/es\/macrodyne-aumenta-las-capacidades-de-fabricacion-europeas-mediante-la-adquisicion-de-dunkes\/\">\n  <em>Macrodyne aumenta su capacidad de fabricaci\u00f3n en Europa con la adquisici\u00f3n de Dunkes<\/em>\n<\/a><\/p><p> <\/p><p>Vis\u00edtenos en el pabell\u00f3n 27 &#8211; stand E66para saber c\u00f3mo Macrodyne &#8211; Dunkes es una s\u00f3lida opci\u00f3n europea para usted.<\/p>\t\t\t\t\t\t\t\t<\/div>\n\t\t\t\t<\/div>\n\t\t\t\t<div class=\"elementor-element elementor-element-db6d8ea elementor-widget elementor-widget-spacer\" data-id=\"db6d8ea\" data-element_type=\"widget\" data-e-type=\"widget\" data-widget_type=\"spacer.default\">\n\t\t\t\t<div class=\"elementor-widget-container\">\n\t\t\t\t\t\t\t<div class=\"elementor-spacer\">\n\t\t\t<div class=\"elementor-spacer-inner\"><\/div>\n\t\t<\/div>\n\t\t\t\t\t\t<\/div>\n\t\t\t\t<\/div>\n\t\t\t\t\t<\/div>\n\t\t<\/div>\n\t\t\t\t\t<\/div>\n\t\t<\/section>\n\t\t\t\t<section class=\"elementor-section elementor-top-section elementor-element elementor-element-0bb62ce elementor-section-boxed elementor-section-height-default elementor-section-height-default\" data-id=\"0bb62ce\" data-element_type=\"section\" data-e-type=\"section\" data-settings=\"{&quot;background_background&quot;:&quot;classic&quot;}\">\n\t\t\t\t\t\t<div class=\"elementor-container elementor-column-gap-default\">\n\t\t\t\t\t<div class=\"elementor-column elementor-col-100 elementor-top-column elementor-element elementor-element-2476394\" data-id=\"2476394\" data-element_type=\"column\" data-e-type=\"column\">\n\t\t\t<div class=\"elementor-widget-wrap elementor-element-populated\">\n\t\t\t\t\t\t<section class=\"elementor-section elementor-inner-section elementor-element elementor-element-dec0c7e elementor-section-boxed elementor-section-height-default elementor-section-height-default\" data-id=\"dec0c7e\" data-element_type=\"section\" data-e-type=\"section\">\n\t\t\t\t\t\t<div class=\"elementor-container elementor-column-gap-default\">\n\t\t\t\t\t<div class=\"elementor-column elementor-col-100 elementor-inner-column elementor-element elementor-element-e7e3963\" data-id=\"e7e3963\" data-element_type=\"column\" data-e-type=\"column\">\n\t\t\t<div class=\"elementor-widget-wrap elementor-element-populated\">\n\t\t\t\t\t\t<div class=\"elementor-element elementor-element-d4ee33d elementor-widget elementor-widget-heading\" data-id=\"d4ee33d\" data-element_type=\"widget\" data-e-type=\"widget\" data-widget_type=\"heading.default\">\n\t\t\t\t<div class=\"elementor-widget-container\">\n\t\t\t\t\t<h2 class=\"elementor-heading-title elementor-size-default\">Macrodyne firma un acuerdo de licencia con AEM para comercializar la tecnolog\u00eda de moldeo por oscilaci\u00f3n de gas para el moldeo por soplado superplado de componentes aeroespaciales<\/h2>\t\t\t\t<\/div>\n\t\t\t\t<\/div>\n\t\t\t\t<div class=\"elementor-element elementor-element-d1f005c elementor-widget elementor-widget-heading\" data-id=\"d1f005c\" data-element_type=\"widget\" data-e-type=\"widget\" data-widget_type=\"heading.default\">\n\t\t\t\t<div class=\"elementor-widget-container\">\n\t\t\t\t\t<p class=\"elementor-heading-title elementor-size-default\">Una tecnolog\u00eda innovadora y disruptiva para el sector aeroespacial en todo el mundo, ya que se trata del primer avance real en el proceso de soplado de superpl\u00e1sticos en d\u00e9cadas:<\/p>\t\t\t\t<\/div>\n\t\t\t\t<\/div>\n\t\t\t\t\t<\/div>\n\t\t<\/div>\n\t\t\t\t\t<\/div>\n\t\t<\/section>\n\t\t\t\t<section class=\"elementor-section elementor-inner-section elementor-element elementor-element-a29752e elementor-section-boxed elementor-section-height-default elementor-section-height-default\" data-id=\"a29752e\" data-element_type=\"section\" data-e-type=\"section\">\n\t\t\t\t\t\t<div class=\"elementor-container elementor-column-gap-default\">\n\t\t\t\t\t<div class=\"elementor-column elementor-col-100 elementor-inner-column elementor-element elementor-element-bba3ee5\" data-id=\"bba3ee5\" data-element_type=\"column\" data-e-type=\"column\">\n\t\t\t<div class=\"elementor-widget-wrap elementor-element-populated\">\n\t\t\t\t\t\t<div class=\"elementor-element elementor-element-ba31749 elementor-widget elementor-widget-text-editor\" data-id=\"ba31749\" data-element_type=\"widget\" data-e-type=\"widget\" data-widget_type=\"text-editor.default\">\n\t\t\t\t<div class=\"elementor-widget-container\">\n\t\t\t\t\t\t\t\t\t<p><a class=\"hannover\" href=\"https:\/\/macrodynepress.com\/macrodyne-signs-a-license-agreement-with-aem-to-commercialize-gas-oscillation-forming-technology-for-superplastic-blow-forming-of-aerospace-components\/\">Leer el comunicado de prensa<\/a><\/p>\t\t\t\t\t\t\t\t<\/div>\n\t\t\t\t<\/div>\n\t\t\t\t\t<\/div>\n\t\t<\/div>\n\t\t\t\t\t<\/div>\n\t\t<\/section>\n\t\t\t\t\t<\/div>\n\t\t<\/div>\n\t\t\t\t\t<\/div>\n\t\t<\/section>\n\t\t\t\t<\/div>\n\t\t","protected":false},"excerpt":{"rendered":"<p>Macrodyne en la EuroBLECH 2022 Macrodyne va a exponer en EuroBLECH 2022, la26\u00aa edici\u00f3n de la mayor feria internacional de tecnolog\u00eda de transformaci\u00f3n de chapa met\u00e1lica, en Hannover, Alemania. La cartera de productos de Macrodyne se presentar\u00e1 con Dunkes, una empresa de Macrodyne, en el pabell\u00f3n 27 &#8211; stand E66. Expondr\u00e1n soluciones innovadoras de prensas [&hellip;]<\/p>\n","protected":false},"author":2,"featured_media":18213,"parent":0,"menu_order":2,"comment_status":"closed","ping_status":"closed","template":"","meta":{"_acf_changed":false,"content-type":"","footnotes":"","_links_to":"","_links_to_target":""},"class_list":["post-18272","page","type-page","status-publish","has-post-thumbnail","hentry"],"acf":[],"yoast_head":"<!-- This site is optimized with the Yoast SEO plugin v27.5 - https:\/\/yoast.com\/product\/yoast-seo-wordpress\/ -->\n<title>Macrodyne en la EuroBLECH 2022 | nombre del Macrodino Tecnolog\u00edas<\/title>\n<meta name=\"description\" content=\"Vamos a exhibir en Hannover Messe 2022, la exposici\u00f3n anual m\u00e1s grande del mundo sobre fabricaci\u00f3n avanzada e innovaci\u00f3n tecnol\u00f3gica industrial.\" \/>\n<meta name=\"robots\" content=\"index, follow, max-snippet:-1, max-image-preview:large, max-video-preview:-1\" \/>\n<link rel=\"canonical\" href=\"https:\/\/macrodynepress.com\/es\/macrodyne-en-la-euroblech-2022\/\" \/>\n<meta property=\"og:locale\" content=\"es_ES\" \/>\n<meta property=\"og:type\" content=\"article\" \/>\n<meta property=\"og:title\" content=\"Macrodyne en la EuroBLECH 2022 | nombre del Macrodino Tecnolog\u00edas\" \/>\n<meta property=\"og:description\" content=\"Vamos a exhibir en Hannover Messe 2022, la exposici\u00f3n anual m\u00e1s grande del mundo sobre fabricaci\u00f3n avanzada e innovaci\u00f3n tecnol\u00f3gica industrial.\" \/>\n<meta property=\"og:url\" content=\"https:\/\/macrodynepress.com\/es\/macrodyne-en-la-euroblech-2022\/\" \/>\n<meta property=\"og:site_name\" content=\"Macrodino\" \/>\n<meta property=\"article:publisher\" content=\"https:\/\/www.facebook.com\/macrodynetech\/\" \/>\n<meta property=\"article:modified_time\" content=\"2025-01-17T10:50:01+00:00\" \/>\n<meta property=\"og:image\" content=\"https:\/\/macrodynepress.com\/wp-content\/uploads\/2022\/09\/Event-1600-\u00d7-1600-px-1.png\" \/>\n\t<meta property=\"og:image:width\" content=\"1600\" \/>\n\t<meta property=\"og:image:height\" content=\"1600\" \/>\n\t<meta property=\"og:image:type\" content=\"image\/png\" \/>\n<meta name=\"twitter:card\" content=\"summary_large_image\" \/>\n<meta name=\"twitter:site\" content=\"@MacrodyneTech\" \/>\n<script type=\"application\/ld+json\" class=\"yoast-schema-graph\">{\"@context\":\"https:\\\/\\\/schema.org\",\"@graph\":[{\"@type\":\"WebPage\",\"@id\":\"https:\\\/\\\/macrodynepress.com\\\/es\\\/macrodyne-en-la-euroblech-2022\\\/\",\"url\":\"https:\\\/\\\/macrodynepress.com\\\/es\\\/macrodyne-en-la-euroblech-2022\\\/\",\"name\":\"Macrodyne en la EuroBLECH 2022 | nombre del Macrodino Tecnolog\u00edas\",\"isPartOf\":{\"@id\":\"https:\\\/\\\/macrodynepress.com\\\/es\\\/#website\"},\"primaryImageOfPage\":{\"@id\":\"https:\\\/\\\/macrodynepress.com\\\/es\\\/macrodyne-en-la-euroblech-2022\\\/#primaryimage\"},\"image\":{\"@id\":\"https:\\\/\\\/macrodynepress.com\\\/es\\\/macrodyne-en-la-euroblech-2022\\\/#primaryimage\"},\"thumbnailUrl\":\"https:\\\/\\\/macrodynepress.com\\\/wp-content\\\/uploads\\\/2022\\\/09\\\/Event-1600-\u00d7-1600-px-1.png\",\"datePublished\":\"2022-09-22T13:21:00+00:00\",\"dateModified\":\"2025-01-17T10:50:01+00:00\",\"description\":\"Vamos a exhibir en Hannover Messe 2022, la exposici\u00f3n anual m\u00e1s grande del mundo sobre fabricaci\u00f3n avanzada e innovaci\u00f3n tecnol\u00f3gica industrial.\",\"breadcrumb\":{\"@id\":\"https:\\\/\\\/macrodynepress.com\\\/es\\\/macrodyne-en-la-euroblech-2022\\\/#breadcrumb\"},\"inLanguage\":\"es\",\"potentialAction\":[{\"@type\":\"ReadAction\",\"target\":[\"https:\\\/\\\/macrodynepress.com\\\/es\\\/macrodyne-en-la-euroblech-2022\\\/\"]}]},{\"@type\":\"ImageObject\",\"inLanguage\":\"es\",\"@id\":\"https:\\\/\\\/macrodynepress.com\\\/es\\\/macrodyne-en-la-euroblech-2022\\\/#primaryimage\",\"url\":\"https:\\\/\\\/macrodynepress.com\\\/wp-content\\\/uploads\\\/2022\\\/09\\\/Event-1600-\u00d7-1600-px-1.png\",\"contentUrl\":\"https:\\\/\\\/macrodynepress.com\\\/wp-content\\\/uploads\\\/2022\\\/09\\\/Event-1600-\u00d7-1600-px-1.png\",\"width\":1600,\"height\":1600},{\"@type\":\"BreadcrumbList\",\"@id\":\"https:\\\/\\\/macrodynepress.com\\\/es\\\/macrodyne-en-la-euroblech-2022\\\/#breadcrumb\",\"itemListElement\":[{\"@type\":\"ListItem\",\"position\":1,\"name\":\"Hogar\",\"item\":\"https:\\\/\\\/macrodynepress.com\\\/es\\\/\"},{\"@type\":\"ListItem\",\"position\":2,\"name\":\"Macrodyne en la EuroBLECH 2022\"}]},{\"@type\":\"WebSite\",\"@id\":\"https:\\\/\\\/macrodynepress.com\\\/es\\\/#website\",\"url\":\"https:\\\/\\\/macrodynepress.com\\\/es\\\/\",\"name\":\"Macrodyne\",\"description\":\"Prensas hidraulicas\",\"publisher\":{\"@id\":\"https:\\\/\\\/macrodynepress.com\\\/es\\\/#organization\"},\"alternateName\":\"Macrodyne\",\"potentialAction\":[{\"@type\":\"SearchAction\",\"target\":{\"@type\":\"EntryPoint\",\"urlTemplate\":\"https:\\\/\\\/macrodynepress.com\\\/es\\\/?s={search_term_string}\"},\"query-input\":{\"@type\":\"PropertyValueSpecification\",\"valueRequired\":true,\"valueName\":\"search_term_string\"}}],\"inLanguage\":\"es\"},{\"@type\":\"Organization\",\"@id\":\"https:\\\/\\\/macrodynepress.com\\\/es\\\/#organization\",\"name\":\"Macrodyne Technologies Inc.\",\"alternateName\":\"Macrodyne Technologies Inc.\",\"url\":\"https:\\\/\\\/macrodynepress.com\\\/es\\\/\",\"logo\":{\"@type\":\"ImageObject\",\"inLanguage\":\"es\",\"@id\":\"https:\\\/\\\/macrodynepress.com\\\/es\\\/#\\\/schema\\\/logo\\\/image\\\/\",\"url\":\"https:\\\/\\\/macrodynepress.com\\\/wp-content\\\/uploads\\\/2021\\\/02\\\/m-logo.svg\",\"contentUrl\":\"https:\\\/\\\/macrodynepress.com\\\/wp-content\\\/uploads\\\/2021\\\/02\\\/m-logo.svg\",\"width\":1,\"height\":1,\"caption\":\"Macrodyne Technologies Inc.\"},\"image\":{\"@id\":\"https:\\\/\\\/macrodynepress.com\\\/es\\\/#\\\/schema\\\/logo\\\/image\\\/\"},\"sameAs\":[\"https:\\\/\\\/www.facebook.com\\\/macrodynetech\\\/\",\"https:\\\/\\\/x.com\\\/MacrodyneTech\",\"https:\\\/\\\/www.linkedin.com\\\/company\\\/macrodyne\\\/\",\"https:\\\/\\\/www.youtube.com\\\/channel\\\/UCcwnCNSj_MEEVNNCzopOg3g\",\"https:\\\/\\\/www.instagram.com\\\/macrodynetech\\\/\"]}]}<\/script>\n<!-- \/ Yoast SEO plugin. -->","yoast_head_json":{"title":"Macrodyne en la EuroBLECH 2022 | nombre del Macrodino Tecnolog\u00edas","description":"Vamos a exhibir en Hannover Messe 2022, la exposici\u00f3n anual m\u00e1s grande del mundo sobre fabricaci\u00f3n avanzada e innovaci\u00f3n tecnol\u00f3gica industrial.","robots":{"index":"index","follow":"follow","max-snippet":"max-snippet:-1","max-image-preview":"max-image-preview:large","max-video-preview":"max-video-preview:-1"},"canonical":"https:\/\/macrodynepress.com\/es\/macrodyne-en-la-euroblech-2022\/","og_locale":"es_ES","og_type":"article","og_title":"Macrodyne en la EuroBLECH 2022 | nombre del Macrodino Tecnolog\u00edas","og_description":"Vamos a exhibir en Hannover Messe 2022, la exposici\u00f3n anual m\u00e1s grande del mundo sobre fabricaci\u00f3n avanzada e innovaci\u00f3n tecnol\u00f3gica industrial.","og_url":"https:\/\/macrodynepress.com\/es\/macrodyne-en-la-euroblech-2022\/","og_site_name":"Macrodino","article_publisher":"https:\/\/www.facebook.com\/macrodynetech\/","article_modified_time":"2025-01-17T10:50:01+00:00","og_image":[{"width":1600,"height":1600,"url":"https:\/\/macrodynepress.com\/wp-content\/uploads\/2022\/09\/Event-1600-\u00d7-1600-px-1.png","type":"image\/png"}],"twitter_card":"summary_large_image","twitter_site":"@MacrodyneTech","schema":{"@context":"https:\/\/schema.org","@graph":[{"@type":"WebPage","@id":"https:\/\/macrodynepress.com\/es\/macrodyne-en-la-euroblech-2022\/","url":"https:\/\/macrodynepress.com\/es\/macrodyne-en-la-euroblech-2022\/","name":"Macrodyne en la EuroBLECH 2022 | nombre del Macrodino Tecnolog\u00edas","isPartOf":{"@id":"https:\/\/macrodynepress.com\/es\/#website"},"primaryImageOfPage":{"@id":"https:\/\/macrodynepress.com\/es\/macrodyne-en-la-euroblech-2022\/#primaryimage"},"image":{"@id":"https:\/\/macrodynepress.com\/es\/macrodyne-en-la-euroblech-2022\/#primaryimage"},"thumbnailUrl":"https:\/\/macrodynepress.com\/wp-content\/uploads\/2022\/09\/Event-1600-\u00d7-1600-px-1.png","datePublished":"2022-09-22T13:21:00+00:00","dateModified":"2025-01-17T10:50:01+00:00","description":"Vamos a exhibir en Hannover Messe 2022, la exposici\u00f3n anual m\u00e1s grande del mundo sobre fabricaci\u00f3n avanzada e innovaci\u00f3n tecnol\u00f3gica industrial.","breadcrumb":{"@id":"https:\/\/macrodynepress.com\/es\/macrodyne-en-la-euroblech-2022\/#breadcrumb"},"inLanguage":"es","potentialAction":[{"@type":"ReadAction","target":["https:\/\/macrodynepress.com\/es\/macrodyne-en-la-euroblech-2022\/"]}]},{"@type":"ImageObject","inLanguage":"es","@id":"https:\/\/macrodynepress.com\/es\/macrodyne-en-la-euroblech-2022\/#primaryimage","url":"https:\/\/macrodynepress.com\/wp-content\/uploads\/2022\/09\/Event-1600-\u00d7-1600-px-1.png","contentUrl":"https:\/\/macrodynepress.com\/wp-content\/uploads\/2022\/09\/Event-1600-\u00d7-1600-px-1.png","width":1600,"height":1600},{"@type":"BreadcrumbList","@id":"https:\/\/macrodynepress.com\/es\/macrodyne-en-la-euroblech-2022\/#breadcrumb","itemListElement":[{"@type":"ListItem","position":1,"name":"Hogar","item":"https:\/\/macrodynepress.com\/es\/"},{"@type":"ListItem","position":2,"name":"Macrodyne en la EuroBLECH 2022"}]},{"@type":"WebSite","@id":"https:\/\/macrodynepress.com\/es\/#website","url":"https:\/\/macrodynepress.com\/es\/","name":"Macrodyne","description":"Prensas hidraulicas","publisher":{"@id":"https:\/\/macrodynepress.com\/es\/#organization"},"alternateName":"Macrodyne","potentialAction":[{"@type":"SearchAction","target":{"@type":"EntryPoint","urlTemplate":"https:\/\/macrodynepress.com\/es\/?s={search_term_string}"},"query-input":{"@type":"PropertyValueSpecification","valueRequired":true,"valueName":"search_term_string"}}],"inLanguage":"es"},{"@type":"Organization","@id":"https:\/\/macrodynepress.com\/es\/#organization","name":"Macrodyne Technologies Inc.","alternateName":"Macrodyne Technologies Inc.","url":"https:\/\/macrodynepress.com\/es\/","logo":{"@type":"ImageObject","inLanguage":"es","@id":"https:\/\/macrodynepress.com\/es\/#\/schema\/logo\/image\/","url":"https:\/\/macrodynepress.com\/wp-content\/uploads\/2021\/02\/m-logo.svg","contentUrl":"https:\/\/macrodynepress.com\/wp-content\/uploads\/2021\/02\/m-logo.svg","width":1,"height":1,"caption":"Macrodyne Technologies Inc."},"image":{"@id":"https:\/\/macrodynepress.com\/es\/#\/schema\/logo\/image\/"},"sameAs":["https:\/\/www.facebook.com\/macrodynetech\/","https:\/\/x.com\/MacrodyneTech","https:\/\/www.linkedin.com\/company\/macrodyne\/","https:\/\/www.youtube.com\/channel\/UCcwnCNSj_MEEVNNCzopOg3g","https:\/\/www.instagram.com\/macrodynetech\/"]}]}},"_links":{"self":[{"href":"https:\/\/macrodynepress.com\/es\/wp-json\/wp\/v2\/pages\/18272","targetHints":{"allow":["GET"]}}],"collection":[{"href":"https:\/\/macrodynepress.com\/es\/wp-json\/wp\/v2\/pages"}],"about":[{"href":"https:\/\/macrodynepress.com\/es\/wp-json\/wp\/v2\/types\/page"}],"author":[{"embeddable":true,"href":"https:\/\/macrodynepress.com\/es\/wp-json\/wp\/v2\/users\/2"}],"replies":[{"embeddable":true,"href":"https:\/\/macrodynepress.com\/es\/wp-json\/wp\/v2\/comments?post=18272"}],"version-history":[{"count":1,"href":"https:\/\/macrodynepress.com\/es\/wp-json\/wp\/v2\/pages\/18272\/revisions"}],"predecessor-version":[{"id":32387,"href":"https:\/\/macrodynepress.com\/es\/wp-json\/wp\/v2\/pages\/18272\/revisions\/32387"}],"wp:featuredmedia":[{"embeddable":true,"href":"https:\/\/macrodynepress.com\/es\/wp-json\/wp\/v2\/media\/18213"}],"wp:attachment":[{"href":"https:\/\/macrodynepress.com\/es\/wp-json\/wp\/v2\/media?parent=18272"}],"curies":[{"name":"wp","href":"https:\/\/api.w.org\/{rel}","templated":true}]}}