{"id":17554,"date":"2022-06-06T19:54:31","date_gmt":"2022-06-06T19:54:31","guid":{"rendered":"https:\/\/macrodynepress.com\/formacion-imtex-2022\/"},"modified":"2024-12-25T10:37:23","modified_gmt":"2024-12-25T10:37:23","slug":"formacion-imtex-2022","status":"publish","type":"page","link":"https:\/\/macrodynepress.com\/es\/formacion-imtex-2022\/","title":{"rendered":"Formaci\u00f3n IMTEX 2022"},"content":{"rendered":"\t\t<div data-elementor-type=\"wp-page\" data-elementor-id=\"17554\" class=\"elementor elementor-17554 elementor-17164\" data-elementor-post-type=\"page\">\n\t\t\t\t\t\t<section class=\"elementor-section elementor-top-section elementor-element elementor-element-207a1f9 elementor-section-full_width elementor-section-height-min-height elementor-section-height-default elementor-section-items-middle\" data-id=\"207a1f9\" data-element_type=\"section\" data-e-type=\"section\" data-settings=\"{&quot;background_background&quot;:&quot;classic&quot;}\">\n\t\t\t\t\t\t<div class=\"elementor-container elementor-column-gap-no\">\n\t\t\t\t\t<div class=\"elementor-column elementor-col-100 elementor-top-column elementor-element elementor-element-d91ef3b\" data-id=\"d91ef3b\" data-element_type=\"column\" data-e-type=\"column\">\n\t\t\t<div class=\"elementor-widget-wrap elementor-element-populated\">\n\t\t\t\t\t\t<section class=\"elementor-section elementor-inner-section elementor-element elementor-element-803c82f elementor-section-boxed elementor-section-height-default elementor-section-height-default\" data-id=\"803c82f\" data-element_type=\"section\" data-e-type=\"section\">\n\t\t\t\t\t\t<div class=\"elementor-container elementor-column-gap-default\">\n\t\t\t\t\t<div class=\"elementor-column elementor-col-100 elementor-inner-column elementor-element elementor-element-fc30f54\" data-id=\"fc30f54\" data-element_type=\"column\" data-e-type=\"column\">\n\t\t\t<div class=\"elementor-widget-wrap elementor-element-populated\">\n\t\t\t\t\t\t<div class=\"elementor-element elementor-element-aa9c8da elementor-widget elementor-widget-heading\" data-id=\"aa9c8da\" data-element_type=\"widget\" data-e-type=\"widget\" data-widget_type=\"heading.default\">\n\t\t\t\t<div class=\"elementor-widget-container\">\n\t\t\t\t\t<h1 class=\"elementor-heading-title elementor-size-default\">Formaci\u00f3n IMTEX 2022 | Bangalore, India<\/h1>\t\t\t\t<\/div>\n\t\t\t\t<\/div>\n\t\t\t\t\t<\/div>\n\t\t<\/div>\n\t\t\t\t\t<\/div>\n\t\t<\/section>\n\t\t\t\t\t<\/div>\n\t\t<\/div>\n\t\t\t\t\t<\/div>\n\t\t<\/section>\n\t\t\t\t<section class=\"elementor-section elementor-top-section elementor-element elementor-element-cc4262f elementor-section-full_width elementor-section-stretched elementor-section-height-default elementor-section-height-default\" data-id=\"cc4262f\" data-element_type=\"section\" data-e-type=\"section\" data-settings=\"{&quot;stretch_section&quot;:&quot;section-stretched&quot;}\">\n\t\t\t\t\t\t<div class=\"elementor-container elementor-column-gap-default\">\n\t\t\t\t\t<div class=\"elementor-column elementor-col-100 elementor-top-column elementor-element elementor-element-321aeb5\" data-id=\"321aeb5\" data-element_type=\"column\" data-e-type=\"column\">\n\t\t\t<div class=\"elementor-widget-wrap elementor-element-populated\">\n\t\t\t\t\t\t<div class=\"elementor-element elementor-element-369804f elementor-widget elementor-widget-image\" data-id=\"369804f\" data-element_type=\"widget\" data-e-type=\"widget\" data-widget_type=\"image.default\">\n\t\t\t\t<div class=\"elementor-widget-container\">\n\t\t\t\t\t\t\t\t\t\t\t\t\t\t\t<img fetchpriority=\"high\" decoding=\"async\" width=\"2173\" height=\"800\" src=\"https:\/\/macrodynepress.com\/wp-content\/uploads\/2022\/06\/Image-min.png\" class=\"attachment-full size-full wp-image-17392\" alt=\"\" srcset=\"https:\/\/macrodynepress.com\/wp-content\/uploads\/2022\/06\/Image-min.png 2173w, https:\/\/macrodynepress.com\/wp-content\/uploads\/2022\/06\/Image-min-300x110.png 300w, https:\/\/macrodynepress.com\/wp-content\/uploads\/2022\/06\/Image-min-1024x377.png 1024w, https:\/\/macrodynepress.com\/wp-content\/uploads\/2022\/06\/Image-min-768x283.png 768w, https:\/\/macrodynepress.com\/wp-content\/uploads\/2022\/06\/Image-min-1536x565.png 1536w, https:\/\/macrodynepress.com\/wp-content\/uploads\/2022\/06\/Image-min-2048x754.png 2048w\" sizes=\"(max-width: 2173px) 100vw, 2173px\" \/>\t\t\t\t\t\t\t\t\t\t\t\t\t\t\t<\/div>\n\t\t\t\t<\/div>\n\t\t\t\t\t<\/div>\n\t\t<\/div>\n\t\t\t\t\t<\/div>\n\t\t<\/section>\n\t\t\t\t<section class=\"elementor-section elementor-top-section elementor-element elementor-element-c1fbc3f elementor-section-boxed elementor-section-height-default elementor-section-height-default\" data-id=\"c1fbc3f\" data-element_type=\"section\" data-e-type=\"section\" data-settings=\"{&quot;background_background&quot;:&quot;classic&quot;}\">\n\t\t\t\t\t\t<div class=\"elementor-container elementor-column-gap-default\">\n\t\t\t\t\t<div class=\"elementor-column elementor-col-100 elementor-top-column elementor-element elementor-element-c9e3787\" data-id=\"c9e3787\" data-element_type=\"column\" data-e-type=\"column\">\n\t\t\t<div class=\"elementor-widget-wrap elementor-element-populated\">\n\t\t\t\t\t\t<section class=\"elementor-section elementor-inner-section elementor-element elementor-element-90f2a3f elementor-section-boxed elementor-section-height-default elementor-section-height-default\" data-id=\"90f2a3f\" data-element_type=\"section\" data-e-type=\"section\">\n\t\t\t\t\t\t<div class=\"elementor-container elementor-column-gap-default\">\n\t\t\t\t\t<div class=\"elementor-column elementor-col-100 elementor-inner-column elementor-element elementor-element-3cbe13f\" data-id=\"3cbe13f\" data-element_type=\"column\" data-e-type=\"column\">\n\t\t\t<div class=\"elementor-widget-wrap elementor-element-populated\">\n\t\t\t\t\t\t<div class=\"elementor-element elementor-element-27ba75b elementor-widget elementor-widget-heading\" data-id=\"27ba75b\" data-element_type=\"widget\" data-e-type=\"widget\" data-widget_type=\"heading.default\">\n\t\t\t\t<div class=\"elementor-widget-container\">\n\t\t\t\t\t<p class=\"elementor-heading-title elementor-size-default\">Creemos la industria del ma\u00f1ana<\/p>\t\t\t\t<\/div>\n\t\t\t\t<\/div>\n\t\t\t\t<div class=\"elementor-element elementor-element-20ebdfa elementor-widget elementor-widget-heading\" data-id=\"20ebdfa\" data-element_type=\"widget\" data-e-type=\"widget\" data-widget_type=\"heading.default\">\n\t\t\t\t<div class=\"elementor-widget-container\">\n\t\t\t\t\t<p class=\"elementor-heading-title elementor-size-default\">Es un gran placer anunciar que Macrodyne estar\u00e1 representada en IMTEX Forming 2022, la exposici\u00f3n de m\u00e1quinas-herramienta m\u00e1s grande de la India, en Bangalore.<br><br>\n\nLa cartera de productos de Macrodyne ser\u00e1 presentada por Machine Tools (India) Limited, MTI, uno de los representantes de ventas de Macrodyne para el mercado indio, en el pabell\u00f3n 4, stand C115. MTI se ha establecido como un nombre l\u00edder en la industria de m\u00e1quinas herramienta de la India con su red de oficinas en todo el pa\u00eds, fuerte soporte de ventas y servicio y administraci\u00f3n profesional, desde 1928, y est\u00e1 listo para vender y respaldar las prensas de Macrodyne.<\/p>\t\t\t\t<\/div>\n\t\t\t\t<\/div>\n\t\t\t\t<div class=\"elementor-element elementor-element-3347053 elementor-widget elementor-widget-heading\" data-id=\"3347053\" data-element_type=\"widget\" data-e-type=\"widget\" data-widget_type=\"heading.default\">\n\t\t\t\t<div class=\"elementor-widget-container\">\n\t\t\t\t\t<h3 class=\"elementor-heading-title elementor-size-default\">Formaci\u00f3n IMTEX 2022<br>\nBangalore, India<br>\n16-21 de junio de 2022<br>\nPabell\u00f3n 4 - Stand C115<\/h3>\t\t\t\t<\/div>\n\t\t\t\t<\/div>\n\t\t\t\t<div class=\"elementor-element elementor-element-8e4ea0e elementor-widget elementor-widget-text-editor\" data-id=\"8e4ea0e\" data-element_type=\"widget\" data-e-type=\"widget\" data-widget_type=\"text-editor.default\">\n\t\t\t\t<div class=\"elementor-widget-container\">\n\t\t\t\t\t\t\t\t\t<p>Macrodyne ofrece soluciones basadas en prensas hidr\u00e1ulicas de acci\u00f3n simple, doble o triple para una amplia variedad de procesos de conformado de metales para muchas industrias diferentes, incluidas la automotriz, aeroespacial, de productos de consumo, productos industriales, electrodom\u00e9sticos, defensa, construcci\u00f3n, plomer\u00eda, utensilios de cocina y m\u00e9dica. Obtenga m\u00e1s informaci\u00f3n sobre <a href=\"https:\/\/macrodynepress.com\/es\/hydraulic-presses\/metalformado\/\">las soluciones de conformado de metales de Macrodyne<\/a> .<br><br><\/p><p>Le invitamos a visitarnos en el Pabell\u00f3n 4, Stand C115, de MTI.<br><br><\/p><p>Para obtener m\u00e1s informaci\u00f3n sobre <a href=\"https:\/\/www.imtex.in\/index.php\">IMTEX Forming 2022<\/a> , haga clic aqu\u00ed.<\/p>\t\t\t\t\t\t\t\t<\/div>\n\t\t\t\t<\/div>\n\t\t\t\t\t<\/div>\n\t\t<\/div>\n\t\t\t\t\t<\/div>\n\t\t<\/section>\n\t\t\t\t\t<\/div>\n\t\t<\/div>\n\t\t\t\t\t<\/div>\n\t\t<\/section>\n\t\t\t\t<section class=\"elementor-section elementor-top-section elementor-element elementor-element-4271089f elementor-section-full_width elementor-section-height-min-height elementor-section-height-default elementor-section-items-middle\" data-id=\"4271089f\" data-element_type=\"section\" data-e-type=\"section\" data-settings=\"{&quot;background_background&quot;:&quot;classic&quot;}\">\n\t\t\t\t\t\t<div class=\"elementor-container elementor-column-gap-default\">\n\t\t\t\t\t<div class=\"elementor-column elementor-col-100 elementor-top-column elementor-element elementor-element-6c6f36e6\" data-id=\"6c6f36e6\" data-element_type=\"column\" data-e-type=\"column\">\n\t\t\t<div class=\"elementor-widget-wrap elementor-element-populated\">\n\t\t\t\t\t\t<section class=\"elementor-section elementor-inner-section elementor-element elementor-element-71079c4f elementor-section-boxed elementor-section-height-default elementor-section-height-default\" data-id=\"71079c4f\" data-element_type=\"section\" data-e-type=\"section\">\n\t\t\t\t\t\t<div class=\"elementor-container elementor-column-gap-default\">\n\t\t\t\t\t<div class=\"elementor-column elementor-col-50 elementor-inner-column elementor-element elementor-element-5ae6ec43\" data-id=\"5ae6ec43\" data-element_type=\"column\" data-e-type=\"column\">\n\t\t\t<div class=\"elementor-widget-wrap elementor-element-populated\">\n\t\t\t\t\t\t<div class=\"elementor-element elementor-element-4d1d51b6 elementor-widget elementor-widget-text-editor\" data-id=\"4d1d51b6\" data-element_type=\"widget\" data-e-type=\"widget\" data-widget_type=\"text-editor.default\">\n\t\t\t\t<div class=\"elementor-widget-container\">\n\t\t\t\t\t\t\t\t\t<h2>Automatiza tu <br>producci\u00f3n.<\/h2>\t\t\t\t\t\t\t\t<\/div>\n\t\t\t\t<\/div>\n\t\t\t\t\t<\/div>\n\t\t<\/div>\n\t\t\t\t<div class=\"elementor-column elementor-col-50 elementor-inner-column elementor-element elementor-element-45d4a22d\" data-id=\"45d4a22d\" data-element_type=\"column\" data-e-type=\"column\">\n\t\t\t<div class=\"elementor-widget-wrap elementor-element-populated\">\n\t\t\t\t\t\t<div class=\"elementor-element elementor-element-306219e1 call_to_act_2 elementor-widget elementor-widget-text-editor\" data-id=\"306219e1\" data-element_type=\"widget\" data-e-type=\"widget\" data-widget_type=\"text-editor.default\">\n\t\t\t\t<div class=\"elementor-widget-container\">\n\t\t\t\t\t\t\t\t\t<h4>Cont\u00e1ctenos hoy para una cotizaci\u00f3n o para m\u00e1s informaci\u00f3n<\/h4>\t\t\t\t\t\t\t\t<\/div>\n\t\t\t\t<\/div>\n\t\t\t\t<div class=\"elementor-element elementor-element-76cc438f elementor-widget elementor-widget-button\" data-id=\"76cc438f\" data-element_type=\"widget\" data-e-type=\"widget\" data-widget_type=\"button.default\">\n\t\t\t\t<div class=\"elementor-widget-container\">\n\t\t\t\t\t\t\t\t\t<div class=\"elementor-button-wrapper\">\n\t\t\t\t\t<a class=\"elementor-button elementor-button-link elementor-size-sm\" href=\"https:\/\/macrodynepress.com\/es\/contactenos\/\">\n\t\t\t\t\t\t<span class=\"elementor-button-content-wrapper\">\n\t\t\t\t\t\t\t\t\t<span class=\"elementor-button-text\">Hablemos<\/span>\n\t\t\t\t\t<\/span>\n\t\t\t\t\t<\/a>\n\t\t\t\t<\/div>\n\t\t\t\t\t\t\t\t<\/div>\n\t\t\t\t<\/div>\n\t\t\t\t\t<\/div>\n\t\t<\/div>\n\t\t\t\t\t<\/div>\n\t\t<\/section>\n\t\t\t\t\t<\/div>\n\t\t<\/div>\n\t\t\t\t\t<\/div>\n\t\t<\/section>\n\t\t\t\t<\/div>\n\t\t","protected":false},"excerpt":{"rendered":"<p>Formaci\u00f3n IMTEX 2022 | Bangalore, India Creemos la industria del ma\u00f1ana Es un gran placer anunciar que Macrodyne estar\u00e1 representada en IMTEX Forming 2022, la exposici\u00f3n de m\u00e1quinas-herramienta m\u00e1s grande de la India, en Bangalore. La cartera de productos de Macrodyne ser\u00e1 presentada por Machine Tools (India) Limited, MTI, uno de los representantes de ventas [&hellip;]<\/p>\n","protected":false},"author":2,"featured_media":17171,"parent":0,"menu_order":6,"comment_status":"closed","ping_status":"closed","template":"","meta":{"_acf_changed":false,"content-type":"","footnotes":"","_links_to":"","_links_to_target":""},"class_list":["post-17554","page","type-page","status-publish","has-post-thumbnail","hentry"],"acf":[],"yoast_head":"<!-- This site is optimized with the Yoast SEO plugin v27.4 - https:\/\/yoast.com\/product\/yoast-seo-wordpress\/ -->\n<title>Formaci\u00f3n IMTEX 2022 | nombre del Macrodino Tecnolog\u00edas<\/title>\n<meta name=\"description\" content=\"Macrodyne estar\u00e1 representada en IMTEX Forming 2022, la exposici\u00f3n de peaje de m\u00e1quinas m\u00e1s grande de la India, en Bangalore.\" \/>\n<meta name=\"robots\" content=\"index, follow, max-snippet:-1, max-image-preview:large, max-video-preview:-1\" \/>\n<link rel=\"canonical\" href=\"https:\/\/macrodynepress.com\/es\/formacion-imtex-2022\/\" \/>\n<meta property=\"og:locale\" content=\"es_ES\" \/>\n<meta property=\"og:type\" content=\"article\" \/>\n<meta property=\"og:title\" content=\"Formaci\u00f3n IMTEX 2022 | nombre del Macrodino Tecnolog\u00edas\" \/>\n<meta property=\"og:description\" content=\"Macrodyne estar\u00e1 representada en IMTEX Forming 2022, la exposici\u00f3n de peaje de m\u00e1quinas m\u00e1s grande de la India, en Bangalore.\" \/>\n<meta property=\"og:url\" content=\"https:\/\/macrodynepress.com\/es\/formacion-imtex-2022\/\" \/>\n<meta property=\"og:site_name\" content=\"Macrodino\" \/>\n<meta property=\"article:publisher\" content=\"https:\/\/www.facebook.com\/macrodynetech\/\" \/>\n<meta property=\"article:modified_time\" content=\"2024-12-25T10:37:23+00:00\" \/>\n<meta property=\"og:image\" content=\"https:\/\/macrodynepress.com\/wp-content\/uploads\/2022\/06\/Imtex.jpg\" \/>\n\t<meta property=\"og:image:width\" content=\"1500\" \/>\n\t<meta property=\"og:image:height\" content=\"500\" \/>\n\t<meta property=\"og:image:type\" content=\"image\/jpeg\" \/>\n<meta name=\"twitter:card\" content=\"summary_large_image\" \/>\n<meta name=\"twitter:site\" content=\"@MacrodyneTech\" \/>\n<script type=\"application\/ld+json\" class=\"yoast-schema-graph\">{\"@context\":\"https:\\\/\\\/schema.org\",\"@graph\":[{\"@type\":\"WebPage\",\"@id\":\"https:\\\/\\\/macrodynepress.com\\\/es\\\/formacion-imtex-2022\\\/\",\"url\":\"https:\\\/\\\/macrodynepress.com\\\/es\\\/formacion-imtex-2022\\\/\",\"name\":\"Formaci\u00f3n IMTEX 2022 | nombre del Macrodino Tecnolog\u00edas\",\"isPartOf\":{\"@id\":\"https:\\\/\\\/macrodynepress.com\\\/es\\\/#website\"},\"primaryImageOfPage\":{\"@id\":\"https:\\\/\\\/macrodynepress.com\\\/es\\\/formacion-imtex-2022\\\/#primaryimage\"},\"image\":{\"@id\":\"https:\\\/\\\/macrodynepress.com\\\/es\\\/formacion-imtex-2022\\\/#primaryimage\"},\"thumbnailUrl\":\"https:\\\/\\\/macrodynepress.com\\\/wp-content\\\/uploads\\\/2022\\\/06\\\/Imtex.jpg\",\"datePublished\":\"2022-06-06T19:54:31+00:00\",\"dateModified\":\"2024-12-25T10:37:23+00:00\",\"description\":\"Macrodyne estar\u00e1 representada en IMTEX Forming 2022, la exposici\u00f3n de peaje de m\u00e1quinas m\u00e1s grande de la India, en Bangalore.\",\"breadcrumb\":{\"@id\":\"https:\\\/\\\/macrodynepress.com\\\/es\\\/formacion-imtex-2022\\\/#breadcrumb\"},\"inLanguage\":\"es\",\"potentialAction\":[{\"@type\":\"ReadAction\",\"target\":[\"https:\\\/\\\/macrodynepress.com\\\/es\\\/formacion-imtex-2022\\\/\"]}]},{\"@type\":\"ImageObject\",\"inLanguage\":\"es\",\"@id\":\"https:\\\/\\\/macrodynepress.com\\\/es\\\/formacion-imtex-2022\\\/#primaryimage\",\"url\":\"https:\\\/\\\/macrodynepress.com\\\/wp-content\\\/uploads\\\/2022\\\/06\\\/Imtex.jpg\",\"contentUrl\":\"https:\\\/\\\/macrodynepress.com\\\/wp-content\\\/uploads\\\/2022\\\/06\\\/Imtex.jpg\",\"width\":1500,\"height\":500},{\"@type\":\"BreadcrumbList\",\"@id\":\"https:\\\/\\\/macrodynepress.com\\\/es\\\/formacion-imtex-2022\\\/#breadcrumb\",\"itemListElement\":[{\"@type\":\"ListItem\",\"position\":1,\"name\":\"Hogar\",\"item\":\"https:\\\/\\\/macrodynepress.com\\\/es\\\/\"},{\"@type\":\"ListItem\",\"position\":2,\"name\":\"Formaci\u00f3n IMTEX 2022\"}]},{\"@type\":\"WebSite\",\"@id\":\"https:\\\/\\\/macrodynepress.com\\\/es\\\/#website\",\"url\":\"https:\\\/\\\/macrodynepress.com\\\/es\\\/\",\"name\":\"Macrodyne\",\"description\":\"Prensas hidraulicas\",\"publisher\":{\"@id\":\"https:\\\/\\\/macrodynepress.com\\\/es\\\/#organization\"},\"alternateName\":\"Macrodyne\",\"potentialAction\":[{\"@type\":\"SearchAction\",\"target\":{\"@type\":\"EntryPoint\",\"urlTemplate\":\"https:\\\/\\\/macrodynepress.com\\\/es\\\/?s={search_term_string}\"},\"query-input\":{\"@type\":\"PropertyValueSpecification\",\"valueRequired\":true,\"valueName\":\"search_term_string\"}}],\"inLanguage\":\"es\"},{\"@type\":\"Organization\",\"@id\":\"https:\\\/\\\/macrodynepress.com\\\/es\\\/#organization\",\"name\":\"Macrodyne Technologies Inc.\",\"alternateName\":\"Macrodyne Technologies Inc.\",\"url\":\"https:\\\/\\\/macrodynepress.com\\\/es\\\/\",\"logo\":{\"@type\":\"ImageObject\",\"inLanguage\":\"es\",\"@id\":\"https:\\\/\\\/macrodynepress.com\\\/es\\\/#\\\/schema\\\/logo\\\/image\\\/\",\"url\":\"https:\\\/\\\/macrodynepress.com\\\/wp-content\\\/uploads\\\/2021\\\/02\\\/m-logo.svg\",\"contentUrl\":\"https:\\\/\\\/macrodynepress.com\\\/wp-content\\\/uploads\\\/2021\\\/02\\\/m-logo.svg\",\"width\":1,\"height\":1,\"caption\":\"Macrodyne Technologies Inc.\"},\"image\":{\"@id\":\"https:\\\/\\\/macrodynepress.com\\\/es\\\/#\\\/schema\\\/logo\\\/image\\\/\"},\"sameAs\":[\"https:\\\/\\\/www.facebook.com\\\/macrodynetech\\\/\",\"https:\\\/\\\/x.com\\\/MacrodyneTech\",\"https:\\\/\\\/www.linkedin.com\\\/company\\\/macrodyne\\\/\",\"https:\\\/\\\/www.youtube.com\\\/channel\\\/UCcwnCNSj_MEEVNNCzopOg3g\",\"https:\\\/\\\/www.instagram.com\\\/macrodynetech\\\/\"]}]}<\/script>\n<!-- \/ Yoast SEO plugin. -->","yoast_head_json":{"title":"Formaci\u00f3n IMTEX 2022 | nombre del Macrodino Tecnolog\u00edas","description":"Macrodyne estar\u00e1 representada en IMTEX Forming 2022, la exposici\u00f3n de peaje de m\u00e1quinas m\u00e1s grande de la India, en Bangalore.","robots":{"index":"index","follow":"follow","max-snippet":"max-snippet:-1","max-image-preview":"max-image-preview:large","max-video-preview":"max-video-preview:-1"},"canonical":"https:\/\/macrodynepress.com\/es\/formacion-imtex-2022\/","og_locale":"es_ES","og_type":"article","og_title":"Formaci\u00f3n IMTEX 2022 | nombre del Macrodino Tecnolog\u00edas","og_description":"Macrodyne estar\u00e1 representada en IMTEX Forming 2022, la exposici\u00f3n de peaje de m\u00e1quinas m\u00e1s grande de la India, en Bangalore.","og_url":"https:\/\/macrodynepress.com\/es\/formacion-imtex-2022\/","og_site_name":"Macrodino","article_publisher":"https:\/\/www.facebook.com\/macrodynetech\/","article_modified_time":"2024-12-25T10:37:23+00:00","og_image":[{"width":1500,"height":500,"url":"https:\/\/macrodynepress.com\/wp-content\/uploads\/2022\/06\/Imtex.jpg","type":"image\/jpeg"}],"twitter_card":"summary_large_image","twitter_site":"@MacrodyneTech","schema":{"@context":"https:\/\/schema.org","@graph":[{"@type":"WebPage","@id":"https:\/\/macrodynepress.com\/es\/formacion-imtex-2022\/","url":"https:\/\/macrodynepress.com\/es\/formacion-imtex-2022\/","name":"Formaci\u00f3n IMTEX 2022 | nombre del Macrodino Tecnolog\u00edas","isPartOf":{"@id":"https:\/\/macrodynepress.com\/es\/#website"},"primaryImageOfPage":{"@id":"https:\/\/macrodynepress.com\/es\/formacion-imtex-2022\/#primaryimage"},"image":{"@id":"https:\/\/macrodynepress.com\/es\/formacion-imtex-2022\/#primaryimage"},"thumbnailUrl":"https:\/\/macrodynepress.com\/wp-content\/uploads\/2022\/06\/Imtex.jpg","datePublished":"2022-06-06T19:54:31+00:00","dateModified":"2024-12-25T10:37:23+00:00","description":"Macrodyne estar\u00e1 representada en IMTEX Forming 2022, la exposici\u00f3n de peaje de m\u00e1quinas m\u00e1s grande de la India, en Bangalore.","breadcrumb":{"@id":"https:\/\/macrodynepress.com\/es\/formacion-imtex-2022\/#breadcrumb"},"inLanguage":"es","potentialAction":[{"@type":"ReadAction","target":["https:\/\/macrodynepress.com\/es\/formacion-imtex-2022\/"]}]},{"@type":"ImageObject","inLanguage":"es","@id":"https:\/\/macrodynepress.com\/es\/formacion-imtex-2022\/#primaryimage","url":"https:\/\/macrodynepress.com\/wp-content\/uploads\/2022\/06\/Imtex.jpg","contentUrl":"https:\/\/macrodynepress.com\/wp-content\/uploads\/2022\/06\/Imtex.jpg","width":1500,"height":500},{"@type":"BreadcrumbList","@id":"https:\/\/macrodynepress.com\/es\/formacion-imtex-2022\/#breadcrumb","itemListElement":[{"@type":"ListItem","position":1,"name":"Hogar","item":"https:\/\/macrodynepress.com\/es\/"},{"@type":"ListItem","position":2,"name":"Formaci\u00f3n IMTEX 2022"}]},{"@type":"WebSite","@id":"https:\/\/macrodynepress.com\/es\/#website","url":"https:\/\/macrodynepress.com\/es\/","name":"Macrodyne","description":"Prensas hidraulicas","publisher":{"@id":"https:\/\/macrodynepress.com\/es\/#organization"},"alternateName":"Macrodyne","potentialAction":[{"@type":"SearchAction","target":{"@type":"EntryPoint","urlTemplate":"https:\/\/macrodynepress.com\/es\/?s={search_term_string}"},"query-input":{"@type":"PropertyValueSpecification","valueRequired":true,"valueName":"search_term_string"}}],"inLanguage":"es"},{"@type":"Organization","@id":"https:\/\/macrodynepress.com\/es\/#organization","name":"Macrodyne Technologies Inc.","alternateName":"Macrodyne Technologies Inc.","url":"https:\/\/macrodynepress.com\/es\/","logo":{"@type":"ImageObject","inLanguage":"es","@id":"https:\/\/macrodynepress.com\/es\/#\/schema\/logo\/image\/","url":"https:\/\/macrodynepress.com\/wp-content\/uploads\/2021\/02\/m-logo.svg","contentUrl":"https:\/\/macrodynepress.com\/wp-content\/uploads\/2021\/02\/m-logo.svg","width":1,"height":1,"caption":"Macrodyne Technologies Inc."},"image":{"@id":"https:\/\/macrodynepress.com\/es\/#\/schema\/logo\/image\/"},"sameAs":["https:\/\/www.facebook.com\/macrodynetech\/","https:\/\/x.com\/MacrodyneTech","https:\/\/www.linkedin.com\/company\/macrodyne\/","https:\/\/www.youtube.com\/channel\/UCcwnCNSj_MEEVNNCzopOg3g","https:\/\/www.instagram.com\/macrodynetech\/"]}]}},"_links":{"self":[{"href":"https:\/\/macrodynepress.com\/es\/wp-json\/wp\/v2\/pages\/17554","targetHints":{"allow":["GET"]}}],"collection":[{"href":"https:\/\/macrodynepress.com\/es\/wp-json\/wp\/v2\/pages"}],"about":[{"href":"https:\/\/macrodynepress.com\/es\/wp-json\/wp\/v2\/types\/page"}],"author":[{"embeddable":true,"href":"https:\/\/macrodynepress.com\/es\/wp-json\/wp\/v2\/users\/2"}],"replies":[{"embeddable":true,"href":"https:\/\/macrodynepress.com\/es\/wp-json\/wp\/v2\/comments?post=17554"}],"version-history":[{"count":1,"href":"https:\/\/macrodynepress.com\/es\/wp-json\/wp\/v2\/pages\/17554\/revisions"}],"predecessor-version":[{"id":32425,"href":"https:\/\/macrodynepress.com\/es\/wp-json\/wp\/v2\/pages\/17554\/revisions\/32425"}],"wp:featuredmedia":[{"embeddable":true,"href":"https:\/\/macrodynepress.com\/es\/wp-json\/wp\/v2\/media\/17171"}],"wp:attachment":[{"href":"https:\/\/macrodynepress.com\/es\/wp-json\/wp\/v2\/media?parent=17554"}],"curies":[{"name":"wp","href":"https:\/\/api.w.org\/{rel}","templated":true}]}}