{"id":18270,"date":"2022-09-22T13:21:00","date_gmt":"2022-09-22T13:21:00","guid":{"rendered":"https:\/\/macrodynepress.com\/macrodyne-auf-der-euroblech-2022\/"},"modified":"2025-01-17T10:51:06","modified_gmt":"2025-01-17T10:51:06","slug":"macrodyne-auf-der-euroblech-2022","status":"publish","type":"page","link":"https:\/\/macrodynepress.com\/de\/macrodyne-auf-der-euroblech-2022\/","title":{"rendered":"Macrodyne auf der EuroBLECH 2022"},"content":{"rendered":"\t\t<div data-elementor-type=\"wp-page\" data-elementor-id=\"18270\" class=\"elementor elementor-18270 elementor-18205\" data-elementor-post-type=\"page\">\n\t\t\t\t\t\t<section class=\"elementor-section elementor-top-section elementor-element elementor-element-207a1f9 elementor-section-full_width elementor-section-height-min-height elementor-section-height-default elementor-section-items-middle\" data-id=\"207a1f9\" data-element_type=\"section\" data-e-type=\"section\" data-settings=\"{&quot;background_background&quot;:&quot;classic&quot;}\">\n\t\t\t\t\t\t<div class=\"elementor-container elementor-column-gap-no\">\n\t\t\t\t\t<div class=\"elementor-column elementor-col-100 elementor-top-column elementor-element elementor-element-d91ef3b\" data-id=\"d91ef3b\" data-element_type=\"column\" data-e-type=\"column\">\n\t\t\t<div class=\"elementor-widget-wrap elementor-element-populated\">\n\t\t\t\t\t\t<section class=\"elementor-section elementor-inner-section elementor-element elementor-element-803c82f elementor-section-boxed elementor-section-height-default elementor-section-height-default\" data-id=\"803c82f\" data-element_type=\"section\" data-e-type=\"section\">\n\t\t\t\t\t\t<div class=\"elementor-container elementor-column-gap-default\">\n\t\t\t\t\t<div class=\"elementor-column elementor-col-100 elementor-inner-column elementor-element elementor-element-fc30f54\" data-id=\"fc30f54\" data-element_type=\"column\" data-e-type=\"column\">\n\t\t\t<div class=\"elementor-widget-wrap elementor-element-populated\">\n\t\t\t\t\t\t<div class=\"elementor-element elementor-element-aa9c8da elementor-widget elementor-widget-heading\" data-id=\"aa9c8da\" data-element_type=\"widget\" data-e-type=\"widget\" data-widget_type=\"heading.default\">\n\t\t\t\t<div class=\"elementor-widget-container\">\n\t\t\t\t\t<h1 class=\"elementor-heading-title elementor-size-default\">Macrodyne auf der EuroBLECH 2022  \n<\/h1>\t\t\t\t<\/div>\n\t\t\t\t<\/div>\n\t\t\t\t\t<\/div>\n\t\t<\/div>\n\t\t\t\t\t<\/div>\n\t\t<\/section>\n\t\t\t\t\t<\/div>\n\t\t<\/div>\n\t\t\t\t\t<\/div>\n\t\t<\/section>\n\t\t\t\t<section class=\"elementor-section elementor-top-section elementor-element elementor-element-cc4262f elementor-section-stretched elementor-section-boxed elementor-section-height-default elementor-section-height-default\" data-id=\"cc4262f\" data-element_type=\"section\" data-e-type=\"section\" data-settings=\"{&quot;stretch_section&quot;:&quot;section-stretched&quot;}\">\n\t\t\t\t\t\t<div class=\"elementor-container elementor-column-gap-default\">\n\t\t\t\t\t<div class=\"elementor-column elementor-col-50 elementor-top-column elementor-element elementor-element-321aeb5\" data-id=\"321aeb5\" data-element_type=\"column\" data-e-type=\"column\">\n\t\t\t<div class=\"elementor-widget-wrap elementor-element-populated\">\n\t\t\t\t\t\t<div class=\"elementor-element elementor-element-369804f elementor-widget elementor-widget-image\" data-id=\"369804f\" data-element_type=\"widget\" data-e-type=\"widget\" data-widget_type=\"image.default\">\n\t\t\t\t<div class=\"elementor-widget-container\">\n\t\t\t\t\t\t\t\t\t\t\t\t\t\t\t<img decoding=\"async\" src=\"https:\/\/macrodynepress.com\/wp-content\/uploads\/elementor\/thumbs\/Event-1600-\u00d7-1600-px-1-pv51b6om0wy59rtkm2p9w8iymggtpp3nze589dhsvk.png\" title=\"Event (1600 \u00d7 1600 px)\" alt=\"Event (1600 \u00d7 1600 px)\" loading=\"lazy\" \/>\t\t\t\t\t\t\t\t\t\t\t\t\t\t\t<\/div>\n\t\t\t\t<\/div>\n\t\t\t\t\t<\/div>\n\t\t<\/div>\n\t\t\t\t<div class=\"elementor-column elementor-col-50 elementor-top-column elementor-element elementor-element-2c060fa\" data-id=\"2c060fa\" data-element_type=\"column\" data-e-type=\"column\">\n\t\t\t<div class=\"elementor-widget-wrap elementor-element-populated\">\n\t\t\t\t\t\t<section class=\"elementor-section elementor-inner-section elementor-element elementor-element-90f2a3f elementor-section-boxed elementor-section-height-default elementor-section-height-default\" data-id=\"90f2a3f\" data-element_type=\"section\" data-e-type=\"section\">\n\t\t\t\t\t\t<div class=\"elementor-container elementor-column-gap-default\">\n\t\t\t\t\t<div class=\"elementor-column elementor-col-100 elementor-inner-column elementor-element elementor-element-3cbe13f\" data-id=\"3cbe13f\" data-element_type=\"column\" data-e-type=\"column\">\n\t\t\t<div class=\"elementor-widget-wrap elementor-element-populated\">\n\t\t\t\t\t\t<div class=\"elementor-element elementor-element-6560fd5 elementor-widget elementor-widget-text-editor\" data-id=\"6560fd5\" data-element_type=\"widget\" data-e-type=\"widget\" data-widget_type=\"text-editor.default\">\n\t\t\t\t<div class=\"elementor-widget-container\">\n\t\t\t\t\t\t\t\t\t<p>Macrodyne wird auf der EuroBLECH 2022 ausstellen, der<sup>26.<\/sup> Ausgabe der weltgr\u00f6\u00dften internationalen Messe f\u00fcr Blechbearbeitungstechnologie in Hannover, Deutschland. Das Produktportfolio von Macrodyne wird zusammen mit Dunkes, einem Macrodyne-Unternehmen, in Halle 27 &#8211; Stand E66 pr\u00e4sentiert.<\/p>\t\t\t\t\t\t\t\t<\/div>\n\t\t\t\t<\/div>\n\t\t\t\t<div class=\"elementor-element elementor-element-a002408 elementor-widget elementor-widget-text-editor\" data-id=\"a002408\" data-element_type=\"widget\" data-e-type=\"widget\" data-widget_type=\"text-editor.default\">\n\t\t\t\t<div class=\"elementor-widget-container\">\n\t\t\t\t\t\t\t\t\t<p>Gezeigt werden innovative L\u00f6sungen f\u00fcr hydraulische Pressen zum Richten, Verbinden und Umformen sowie Gas Oscillation Enhanced Superplastic Forming &#8211; die bahnbrechende Technologie von Macrodyne f\u00fcr die superplastische Umformung -, Hydroforming, Tiefziehen, Kaltumformung, beheizte Platten, Warmumformung, Matrizentests und allgemeine Metallumformung.<\/p>\t\t\t\t\t\t\t\t<\/div>\n\t\t\t\t<\/div>\n\t\t\t\t<div class=\"elementor-element elementor-element-15e8cdc elementor-widget elementor-widget-text-editor\" data-id=\"15e8cdc\" data-element_type=\"widget\" data-e-type=\"widget\" data-widget_type=\"text-editor.default\">\n\t\t\t\t<div class=\"elementor-widget-container\">\n\t\t\t\t\t\t\t\t\t<p>Treffen Sie die Experten von Macrodyne und Dunkes, um die richtige L\u00f6sung f\u00fcr Ihren Druckmaschinenbedarf zu besprechen!<\/p>\t\t\t\t\t\t\t\t<\/div>\n\t\t\t\t<\/div>\n\t\t\t\t<div class=\"elementor-element elementor-element-20ebdfa elementor-widget elementor-widget-heading\" data-id=\"20ebdfa\" data-element_type=\"widget\" data-e-type=\"widget\" data-widget_type=\"heading.default\">\n\t\t\t\t<div class=\"elementor-widget-container\">\n\t\t\t\t\t<p class=\"elementor-heading-title elementor-size-default\"><b>EUROBLECH 20222<\/b><br>\n25.-28. Oktober 2022<br>\nHannover, Deutschland<br>\nHalle 27 - Stand E66\n<\/p>\t\t\t\t<\/div>\n\t\t\t\t<\/div>\n\t\t\t\t\t<\/div>\n\t\t<\/div>\n\t\t\t\t\t<\/div>\n\t\t<\/section>\n\t\t\t\t\t<\/div>\n\t\t<\/div>\n\t\t\t\t\t<\/div>\n\t\t<\/section>\n\t\t\t\t<section class=\"elementor-section elementor-top-section elementor-element elementor-element-e123a69 elementor-section-boxed elementor-section-height-default elementor-section-height-default\" data-id=\"e123a69\" data-element_type=\"section\" data-e-type=\"section\" data-settings=\"{&quot;background_background&quot;:&quot;classic&quot;}\">\n\t\t\t\t\t\t<div class=\"elementor-container elementor-column-gap-default\">\n\t\t\t\t\t<div class=\"elementor-column elementor-col-100 elementor-top-column elementor-element elementor-element-05b519d\" data-id=\"05b519d\" data-element_type=\"column\" data-e-type=\"column\">\n\t\t\t<div class=\"elementor-widget-wrap elementor-element-populated\">\n\t\t\t\t\t\t<div class=\"elementor-element elementor-element-8fdca4d elementor-widget elementor-widget-text-editor\" data-id=\"8fdca4d\" data-element_type=\"widget\" data-e-type=\"widget\" data-widget_type=\"text-editor.default\">\n\t\t\t\t<div class=\"elementor-widget-container\">\n\t\t\t\t\t\t\t\t\t<p>F\u00fcr weitere Informationen zur EuroBLECH 2022 <a href=\"https:\/\/www.euroblech.com\/en-gb\/exhibitor-details.org-0b01b8b8-8948-499d-982f-8828887d556c.html#\/\">klicken Sie bitte hier.<\/a><\/p><p> <\/p><p> <\/p><p>Sie nehmen nicht an der EuroBLECH 2022 teil? <a href=\"https:\/\/macrodynepress.com\/de\/kontaktiere-uns\/\">\n  <strong>Kontaktieren Sie uns<\/strong>\n<\/a> um die f\u00fcr Sie passende Hydraulikpressenl\u00f6sung zu besprechen.<\/p><p> <\/p><p> <\/p><p><strong>M\u00f6glichkeiten von Macrodyne in Europa<\/strong><\/p><p> <\/p><p>Macrodyne ist Nordamerikas gr\u00f6\u00dfter Hersteller von hydraulischen Pressen mit europ\u00e4ischer Zentrale in Deutschland.<\/p><p> <\/p><p>Erfahren Sie mehr: <a href=\"https:\/\/macrodynepress.com\/de\/macrodyne-erhoeht-die-europaeischen-fertigungskapazitaeten-durch-die-uebernahme-von-dunkes\/\">\n  <em>Macrodyne erweitert seine europ\u00e4ischen Produktionskapazit\u00e4ten durch die \u00dcbernahme von Dunkes<\/em>\n<\/a><\/p><p> <\/p><p>Besuchen Sie uns in Halle 27 &#8211; Stand E66 und erfahren Sie, warum Macrodyne &#8211; Dunkes eine solide europ\u00e4ische Option f\u00fcr Sie ist!<\/p>\t\t\t\t\t\t\t\t<\/div>\n\t\t\t\t<\/div>\n\t\t\t\t<div class=\"elementor-element elementor-element-db6d8ea elementor-widget elementor-widget-spacer\" data-id=\"db6d8ea\" data-element_type=\"widget\" data-e-type=\"widget\" data-widget_type=\"spacer.default\">\n\t\t\t\t<div class=\"elementor-widget-container\">\n\t\t\t\t\t\t\t<div class=\"elementor-spacer\">\n\t\t\t<div class=\"elementor-spacer-inner\"><\/div>\n\t\t<\/div>\n\t\t\t\t\t\t<\/div>\n\t\t\t\t<\/div>\n\t\t\t\t\t<\/div>\n\t\t<\/div>\n\t\t\t\t\t<\/div>\n\t\t<\/section>\n\t\t\t\t<section class=\"elementor-section elementor-top-section elementor-element elementor-element-0bb62ce elementor-section-boxed elementor-section-height-default elementor-section-height-default\" data-id=\"0bb62ce\" data-element_type=\"section\" data-e-type=\"section\" data-settings=\"{&quot;background_background&quot;:&quot;classic&quot;}\">\n\t\t\t\t\t\t<div class=\"elementor-container elementor-column-gap-default\">\n\t\t\t\t\t<div class=\"elementor-column elementor-col-100 elementor-top-column elementor-element elementor-element-2476394\" data-id=\"2476394\" data-element_type=\"column\" data-e-type=\"column\">\n\t\t\t<div class=\"elementor-widget-wrap elementor-element-populated\">\n\t\t\t\t\t\t<section class=\"elementor-section elementor-inner-section elementor-element elementor-element-dec0c7e elementor-section-boxed elementor-section-height-default elementor-section-height-default\" data-id=\"dec0c7e\" data-element_type=\"section\" data-e-type=\"section\">\n\t\t\t\t\t\t<div class=\"elementor-container elementor-column-gap-default\">\n\t\t\t\t\t<div class=\"elementor-column elementor-col-100 elementor-inner-column elementor-element elementor-element-e7e3963\" data-id=\"e7e3963\" data-element_type=\"column\" data-e-type=\"column\">\n\t\t\t<div class=\"elementor-widget-wrap elementor-element-populated\">\n\t\t\t\t\t\t<div class=\"elementor-element elementor-element-d4ee33d elementor-widget elementor-widget-heading\" data-id=\"d4ee33d\" data-element_type=\"widget\" data-e-type=\"widget\" data-widget_type=\"heading.default\">\n\t\t\t\t<div class=\"elementor-widget-container\">\n\t\t\t\t\t<h2 class=\"elementor-heading-title elementor-size-default\">Macrodyne unterzeichnet Lizenzvertrag mit AEM zur Vermarktung der Gasoszillationsumformtechnologie f\u00fcr das superplastische Blasformen von Luft- und Raumfahrtkomponenten<\/h2>\t\t\t\t<\/div>\n\t\t\t\t<\/div>\n\t\t\t\t<div class=\"elementor-element elementor-element-d1f005c elementor-widget elementor-widget-heading\" data-id=\"d1f005c\" data-element_type=\"widget\" data-e-type=\"widget\" data-widget_type=\"heading.default\">\n\t\t\t\t<div class=\"elementor-widget-container\">\n\t\t\t\t\t<p class=\"elementor-heading-title elementor-size-default\">Eine bahnbrechende und bahnbrechende Technologie f\u00fcr den Luft- und Raumfahrtsektor weltweit, da dies die erste wirkliche Weiterentwicklung des Superplastic-Blasformverfahrens seit Jahrzehnten ist:<\/p>\t\t\t\t<\/div>\n\t\t\t\t<\/div>\n\t\t\t\t\t<\/div>\n\t\t<\/div>\n\t\t\t\t\t<\/div>\n\t\t<\/section>\n\t\t\t\t<section class=\"elementor-section elementor-inner-section elementor-element elementor-element-a29752e elementor-section-boxed elementor-section-height-default elementor-section-height-default\" data-id=\"a29752e\" data-element_type=\"section\" data-e-type=\"section\">\n\t\t\t\t\t\t<div class=\"elementor-container elementor-column-gap-default\">\n\t\t\t\t\t<div class=\"elementor-column elementor-col-100 elementor-inner-column elementor-element elementor-element-bba3ee5\" data-id=\"bba3ee5\" data-element_type=\"column\" data-e-type=\"column\">\n\t\t\t<div class=\"elementor-widget-wrap elementor-element-populated\">\n\t\t\t\t\t\t<div class=\"elementor-element elementor-element-ba31749 elementor-widget elementor-widget-text-editor\" data-id=\"ba31749\" data-element_type=\"widget\" data-e-type=\"widget\" data-widget_type=\"text-editor.default\">\n\t\t\t\t<div class=\"elementor-widget-container\">\n\t\t\t\t\t\t\t\t\t<p><a class=\"hannover\" href=\"https:\/\/macrodynepress.com\/macrodyne-signs-a-license-agreement-with-aem-to-commercialize-gas-oscillation-forming-technology-for-superplastic-blow-forming-of-aerospace-components\/\">Lesen Sie die Pressemitteilung<\/a><\/p>\t\t\t\t\t\t\t\t<\/div>\n\t\t\t\t<\/div>\n\t\t\t\t\t<\/div>\n\t\t<\/div>\n\t\t\t\t\t<\/div>\n\t\t<\/section>\n\t\t\t\t\t<\/div>\n\t\t<\/div>\n\t\t\t\t\t<\/div>\n\t\t<\/section>\n\t\t\t\t<\/div>\n\t\t","protected":false},"excerpt":{"rendered":"<p>Macrodyne auf der EuroBLECH 2022 Macrodyne wird auf der EuroBLECH 2022 ausstellen, der26. Ausgabe der weltgr\u00f6\u00dften internationalen Messe f\u00fcr Blechbearbeitungstechnologie in Hannover, Deutschland. Das Produktportfolio von Macrodyne wird zusammen mit Dunkes, einem Macrodyne-Unternehmen, in Halle 27 &#8211; Stand E66 pr\u00e4sentiert. Gezeigt werden innovative L\u00f6sungen f\u00fcr hydraulische Pressen zum Richten, Verbinden und Umformen sowie Gas Oscillation [&hellip;]<\/p>\n","protected":false},"author":2,"featured_media":18212,"parent":0,"menu_order":2,"comment_status":"closed","ping_status":"closed","template":"","meta":{"_acf_changed":false,"content-type":"","footnotes":"","_links_to":"","_links_to_target":""},"class_list":["post-18270","page","type-page","status-publish","has-post-thumbnail","hentry"],"acf":[],"yoast_head":"<!-- This site is optimized with the Yoast SEO plugin v27.5 - https:\/\/yoast.com\/product\/yoast-seo-wordpress\/ -->\n<title>Macrodyne auf der EuroBLECH 2022 | Macrodyne<\/title>\n<meta name=\"description\" content=\"Wir werden auf der Hannover Messe 2022 ausstellen, der weltweit gr\u00f6\u00dften j\u00e4hrlichen Ausstellung f\u00fcr fortschrittliche Fertigungs- und industrielle Technologieinnovationen.\" \/>\n<meta name=\"robots\" content=\"index, follow, max-snippet:-1, max-image-preview:large, max-video-preview:-1\" \/>\n<link rel=\"canonical\" href=\"https:\/\/macrodynepress.com\/de\/macrodyne-auf-der-euroblech-2022\/\" \/>\n<meta property=\"og:locale\" content=\"de_DE\" \/>\n<meta property=\"og:type\" content=\"article\" \/>\n<meta property=\"og:title\" content=\"Macrodyne auf der EuroBLECH 2022 | Macrodyne\" \/>\n<meta property=\"og:description\" content=\"Wir werden auf der Hannover Messe 2022 ausstellen, der weltweit gr\u00f6\u00dften j\u00e4hrlichen Ausstellung f\u00fcr fortschrittliche Fertigungs- und industrielle Technologieinnovationen.\" \/>\n<meta property=\"og:url\" content=\"https:\/\/macrodynepress.com\/de\/macrodyne-auf-der-euroblech-2022\/\" \/>\n<meta property=\"og:site_name\" content=\"Macrodyne\" \/>\n<meta property=\"article:publisher\" content=\"https:\/\/www.facebook.com\/macrodynetech\/\" \/>\n<meta property=\"article:modified_time\" content=\"2025-01-17T10:51:06+00:00\" \/>\n<meta property=\"og:image\" content=\"https:\/\/macrodynepress.com\/wp-content\/uploads\/2022\/09\/Event-1600-\u00d7-1600-px-1.png\" \/>\n\t<meta property=\"og:image:width\" content=\"1600\" \/>\n\t<meta property=\"og:image:height\" content=\"1600\" \/>\n\t<meta property=\"og:image:type\" content=\"image\/png\" \/>\n<meta name=\"twitter:card\" content=\"summary_large_image\" \/>\n<meta name=\"twitter:site\" content=\"@MacrodyneTech\" \/>\n<script type=\"application\/ld+json\" class=\"yoast-schema-graph\">{\"@context\":\"https:\\\/\\\/schema.org\",\"@graph\":[{\"@type\":\"WebPage\",\"@id\":\"https:\\\/\\\/macrodynepress.com\\\/de\\\/macrodyne-auf-der-euroblech-2022\\\/\",\"url\":\"https:\\\/\\\/macrodynepress.com\\\/de\\\/macrodyne-auf-der-euroblech-2022\\\/\",\"name\":\"Macrodyne auf der EuroBLECH 2022 | Macrodyne\",\"isPartOf\":{\"@id\":\"https:\\\/\\\/macrodynepress.com\\\/de\\\/#website\"},\"primaryImageOfPage\":{\"@id\":\"https:\\\/\\\/macrodynepress.com\\\/de\\\/macrodyne-auf-der-euroblech-2022\\\/#primaryimage\"},\"image\":{\"@id\":\"https:\\\/\\\/macrodynepress.com\\\/de\\\/macrodyne-auf-der-euroblech-2022\\\/#primaryimage\"},\"thumbnailUrl\":\"https:\\\/\\\/macrodynepress.com\\\/wp-content\\\/uploads\\\/2022\\\/09\\\/Event-1600-\u00d7-1600-px-1.png\",\"datePublished\":\"2022-09-22T13:21:00+00:00\",\"dateModified\":\"2025-01-17T10:51:06+00:00\",\"description\":\"Wir werden auf der Hannover Messe 2022 ausstellen, der weltweit gr\u00f6\u00dften j\u00e4hrlichen Ausstellung f\u00fcr fortschrittliche Fertigungs- und industrielle Technologieinnovationen.\",\"breadcrumb\":{\"@id\":\"https:\\\/\\\/macrodynepress.com\\\/de\\\/macrodyne-auf-der-euroblech-2022\\\/#breadcrumb\"},\"inLanguage\":\"de\",\"potentialAction\":[{\"@type\":\"ReadAction\",\"target\":[\"https:\\\/\\\/macrodynepress.com\\\/de\\\/macrodyne-auf-der-euroblech-2022\\\/\"]}]},{\"@type\":\"ImageObject\",\"inLanguage\":\"de\",\"@id\":\"https:\\\/\\\/macrodynepress.com\\\/de\\\/macrodyne-auf-der-euroblech-2022\\\/#primaryimage\",\"url\":\"https:\\\/\\\/macrodynepress.com\\\/wp-content\\\/uploads\\\/2022\\\/09\\\/Event-1600-\u00d7-1600-px-1.png\",\"contentUrl\":\"https:\\\/\\\/macrodynepress.com\\\/wp-content\\\/uploads\\\/2022\\\/09\\\/Event-1600-\u00d7-1600-px-1.png\",\"width\":1600,\"height\":1600},{\"@type\":\"BreadcrumbList\",\"@id\":\"https:\\\/\\\/macrodynepress.com\\\/de\\\/macrodyne-auf-der-euroblech-2022\\\/#breadcrumb\",\"itemListElement\":[{\"@type\":\"ListItem\",\"position\":1,\"name\":\"Accueil\",\"item\":\"https:\\\/\\\/macrodynepress.com\\\/de\\\/\"},{\"@type\":\"ListItem\",\"position\":2,\"name\":\"Macrodyne auf der EuroBLECH 2022\"}]},{\"@type\":\"WebSite\",\"@id\":\"https:\\\/\\\/macrodynepress.com\\\/de\\\/#website\",\"url\":\"https:\\\/\\\/macrodynepress.com\\\/de\\\/\",\"name\":\"Macrodyne\",\"description\":\"Hydraulic Presses\",\"publisher\":{\"@id\":\"https:\\\/\\\/macrodynepress.com\\\/de\\\/#organization\"},\"alternateName\":\"Macrodyne\",\"potentialAction\":[{\"@type\":\"SearchAction\",\"target\":{\"@type\":\"EntryPoint\",\"urlTemplate\":\"https:\\\/\\\/macrodynepress.com\\\/de\\\/?s={search_term_string}\"},\"query-input\":{\"@type\":\"PropertyValueSpecification\",\"valueRequired\":true,\"valueName\":\"search_term_string\"}}],\"inLanguage\":\"de\"},{\"@type\":\"Organization\",\"@id\":\"https:\\\/\\\/macrodynepress.com\\\/de\\\/#organization\",\"name\":\"Macrodyne Technologies Inc.\",\"alternateName\":\"Macrodyne Technologies Inc.\",\"url\":\"https:\\\/\\\/macrodynepress.com\\\/de\\\/\",\"logo\":{\"@type\":\"ImageObject\",\"inLanguage\":\"de\",\"@id\":\"https:\\\/\\\/macrodynepress.com\\\/de\\\/#\\\/schema\\\/logo\\\/image\\\/\",\"url\":\"https:\\\/\\\/macrodynepress.com\\\/wp-content\\\/uploads\\\/2021\\\/02\\\/m-logo.svg\",\"contentUrl\":\"https:\\\/\\\/macrodynepress.com\\\/wp-content\\\/uploads\\\/2021\\\/02\\\/m-logo.svg\",\"width\":1,\"height\":1,\"caption\":\"Macrodyne Technologies Inc.\"},\"image\":{\"@id\":\"https:\\\/\\\/macrodynepress.com\\\/de\\\/#\\\/schema\\\/logo\\\/image\\\/\"},\"sameAs\":[\"https:\\\/\\\/www.facebook.com\\\/macrodynetech\\\/\",\"https:\\\/\\\/x.com\\\/MacrodyneTech\",\"https:\\\/\\\/www.linkedin.com\\\/company\\\/macrodyne\\\/\",\"https:\\\/\\\/www.youtube.com\\\/channel\\\/UCcwnCNSj_MEEVNNCzopOg3g\",\"https:\\\/\\\/www.instagram.com\\\/macrodynetech\\\/\"]}]}<\/script>\n<!-- \/ Yoast SEO plugin. -->","yoast_head_json":{"title":"Macrodyne auf der EuroBLECH 2022 | Macrodyne","description":"Wir werden auf der Hannover Messe 2022 ausstellen, der weltweit gr\u00f6\u00dften j\u00e4hrlichen Ausstellung f\u00fcr fortschrittliche Fertigungs- und industrielle Technologieinnovationen.","robots":{"index":"index","follow":"follow","max-snippet":"max-snippet:-1","max-image-preview":"max-image-preview:large","max-video-preview":"max-video-preview:-1"},"canonical":"https:\/\/macrodynepress.com\/de\/macrodyne-auf-der-euroblech-2022\/","og_locale":"de_DE","og_type":"article","og_title":"Macrodyne auf der EuroBLECH 2022 | Macrodyne","og_description":"Wir werden auf der Hannover Messe 2022 ausstellen, der weltweit gr\u00f6\u00dften j\u00e4hrlichen Ausstellung f\u00fcr fortschrittliche Fertigungs- und industrielle Technologieinnovationen.","og_url":"https:\/\/macrodynepress.com\/de\/macrodyne-auf-der-euroblech-2022\/","og_site_name":"Macrodyne","article_publisher":"https:\/\/www.facebook.com\/macrodynetech\/","article_modified_time":"2025-01-17T10:51:06+00:00","og_image":[{"width":1600,"height":1600,"url":"https:\/\/macrodynepress.com\/wp-content\/uploads\/2022\/09\/Event-1600-\u00d7-1600-px-1.png","type":"image\/png"}],"twitter_card":"summary_large_image","twitter_site":"@MacrodyneTech","schema":{"@context":"https:\/\/schema.org","@graph":[{"@type":"WebPage","@id":"https:\/\/macrodynepress.com\/de\/macrodyne-auf-der-euroblech-2022\/","url":"https:\/\/macrodynepress.com\/de\/macrodyne-auf-der-euroblech-2022\/","name":"Macrodyne auf der EuroBLECH 2022 | Macrodyne","isPartOf":{"@id":"https:\/\/macrodynepress.com\/de\/#website"},"primaryImageOfPage":{"@id":"https:\/\/macrodynepress.com\/de\/macrodyne-auf-der-euroblech-2022\/#primaryimage"},"image":{"@id":"https:\/\/macrodynepress.com\/de\/macrodyne-auf-der-euroblech-2022\/#primaryimage"},"thumbnailUrl":"https:\/\/macrodynepress.com\/wp-content\/uploads\/2022\/09\/Event-1600-\u00d7-1600-px-1.png","datePublished":"2022-09-22T13:21:00+00:00","dateModified":"2025-01-17T10:51:06+00:00","description":"Wir werden auf der Hannover Messe 2022 ausstellen, der weltweit gr\u00f6\u00dften j\u00e4hrlichen Ausstellung f\u00fcr fortschrittliche Fertigungs- und industrielle Technologieinnovationen.","breadcrumb":{"@id":"https:\/\/macrodynepress.com\/de\/macrodyne-auf-der-euroblech-2022\/#breadcrumb"},"inLanguage":"de","potentialAction":[{"@type":"ReadAction","target":["https:\/\/macrodynepress.com\/de\/macrodyne-auf-der-euroblech-2022\/"]}]},{"@type":"ImageObject","inLanguage":"de","@id":"https:\/\/macrodynepress.com\/de\/macrodyne-auf-der-euroblech-2022\/#primaryimage","url":"https:\/\/macrodynepress.com\/wp-content\/uploads\/2022\/09\/Event-1600-\u00d7-1600-px-1.png","contentUrl":"https:\/\/macrodynepress.com\/wp-content\/uploads\/2022\/09\/Event-1600-\u00d7-1600-px-1.png","width":1600,"height":1600},{"@type":"BreadcrumbList","@id":"https:\/\/macrodynepress.com\/de\/macrodyne-auf-der-euroblech-2022\/#breadcrumb","itemListElement":[{"@type":"ListItem","position":1,"name":"Accueil","item":"https:\/\/macrodynepress.com\/de\/"},{"@type":"ListItem","position":2,"name":"Macrodyne auf der EuroBLECH 2022"}]},{"@type":"WebSite","@id":"https:\/\/macrodynepress.com\/de\/#website","url":"https:\/\/macrodynepress.com\/de\/","name":"Macrodyne","description":"Hydraulic Presses","publisher":{"@id":"https:\/\/macrodynepress.com\/de\/#organization"},"alternateName":"Macrodyne","potentialAction":[{"@type":"SearchAction","target":{"@type":"EntryPoint","urlTemplate":"https:\/\/macrodynepress.com\/de\/?s={search_term_string}"},"query-input":{"@type":"PropertyValueSpecification","valueRequired":true,"valueName":"search_term_string"}}],"inLanguage":"de"},{"@type":"Organization","@id":"https:\/\/macrodynepress.com\/de\/#organization","name":"Macrodyne Technologies Inc.","alternateName":"Macrodyne Technologies Inc.","url":"https:\/\/macrodynepress.com\/de\/","logo":{"@type":"ImageObject","inLanguage":"de","@id":"https:\/\/macrodynepress.com\/de\/#\/schema\/logo\/image\/","url":"https:\/\/macrodynepress.com\/wp-content\/uploads\/2021\/02\/m-logo.svg","contentUrl":"https:\/\/macrodynepress.com\/wp-content\/uploads\/2021\/02\/m-logo.svg","width":1,"height":1,"caption":"Macrodyne Technologies Inc."},"image":{"@id":"https:\/\/macrodynepress.com\/de\/#\/schema\/logo\/image\/"},"sameAs":["https:\/\/www.facebook.com\/macrodynetech\/","https:\/\/x.com\/MacrodyneTech","https:\/\/www.linkedin.com\/company\/macrodyne\/","https:\/\/www.youtube.com\/channel\/UCcwnCNSj_MEEVNNCzopOg3g","https:\/\/www.instagram.com\/macrodynetech\/"]}]}},"_links":{"self":[{"href":"https:\/\/macrodynepress.com\/de\/wp-json\/wp\/v2\/pages\/18270","targetHints":{"allow":["GET"]}}],"collection":[{"href":"https:\/\/macrodynepress.com\/de\/wp-json\/wp\/v2\/pages"}],"about":[{"href":"https:\/\/macrodynepress.com\/de\/wp-json\/wp\/v2\/types\/page"}],"author":[{"embeddable":true,"href":"https:\/\/macrodynepress.com\/de\/wp-json\/wp\/v2\/users\/2"}],"replies":[{"embeddable":true,"href":"https:\/\/macrodynepress.com\/de\/wp-json\/wp\/v2\/comments?post=18270"}],"version-history":[{"count":1,"href":"https:\/\/macrodynepress.com\/de\/wp-json\/wp\/v2\/pages\/18270\/revisions"}],"predecessor-version":[{"id":32388,"href":"https:\/\/macrodynepress.com\/de\/wp-json\/wp\/v2\/pages\/18270\/revisions\/32388"}],"wp:featuredmedia":[{"embeddable":true,"href":"https:\/\/macrodynepress.com\/de\/wp-json\/wp\/v2\/media\/18212"}],"wp:attachment":[{"href":"https:\/\/macrodynepress.com\/de\/wp-json\/wp\/v2\/media?parent=18270"}],"curies":[{"name":"wp","href":"https:\/\/api.w.org\/{rel}","templated":true}]}}